{"id":2,"date":"2021-05-20T22:13:17","date_gmt":"2021-05-20T19:13:17","guid":{"rendered":"http:\/\/80.233.182.142\/?page_id=2"},"modified":"2022-12-05T10:00:15","modified_gmt":"2022-12-05T07:00:15","slug":"sample-page","status":"publish","type":"page","link":"https:\/\/logina.lv\/index.php\/sample-page\/","title":{"rendered":"Dr.Med. Laura Logina"},"content":{"rendered":"\n<div class=\"wp-block-image is-style-default\"><figure class=\"alignleft size-large is-resized\"><img loading=\"lazy\" decoding=\"async\" src=\"http:\/\/80.233.182.142\/wp-content\/uploads\/2021\/05\/L.Logina-768x1024.jpg\" alt=\"\" class=\"wp-image-25\" width=\"375\" height=\"500\" srcset=\"https:\/\/logina.lv\/wp-content\/uploads\/2021\/05\/L.Logina-768x1024.jpg 768w, https:\/\/logina.lv\/wp-content\/uploads\/2021\/05\/L.Logina-225x300.jpg 225w, https:\/\/logina.lv\/wp-content\/uploads\/2021\/05\/L.Logina-1152x1536.jpg 1152w, https:\/\/logina.lv\/wp-content\/uploads\/2021\/05\/L.Logina.jpg 1500w\" sizes=\"auto, (max-width: 375px) 100vw, 375px\" \/><figcaption>Dr.med. Laura Logina<\/figcaption><\/figure><\/div>\n\n\n\n<p><strong>Laura Logina, medic\u012bnas zin\u0101t\u0146u doktore ir sertific\u0113ta plastikas un rokas \u0137irur\u0123e, mikro\u0137irur\u0123e, kr\u016bts \u0137irur\u0123e. <\/strong>Savas profesion\u0101l\u0101s darb\u012bbas pirms\u0101kumos galven\u0101 interese ir bijusi par rokas \u0137irur\u0123iju, rekonstrukt\u012bvo un mikro\u0137irur\u0123iju. J\u0101atz\u012bm\u0113, ka <strong>Laura Logina ir pirm\u0101, kas Latvij\u0101 veikusi plaukstas artroskopiju, k\u0101 ar\u012b pirm\u0101 sieviete Latvij\u0101, kas veikusi tik sare\u017e\u0123\u012btas oper\u0101cijas k\u0101 pirkstu un rokas replant\u0101cijas, mikro\u0137irur\u0123iskas anastomo\u017eu veido\u0161anas un l\u0113veru oper\u0101cijas.<\/strong><\/p>\n\n\n\n<p class=\"has-text-align-left\">Protams, \u013coti liels nopelns ir Lauras Loginas skolot\u0101jiem un darba kol\u0113\u0123iem. Savu s\u0101kotn\u0113jo pieredzi vi\u0146a ir ieguvusi ilgus gadus str\u0101d\u0101jot Kl\u012bnikas \u201dGai\u013cezers\u201d (\u0161obr\u012bd R\u012bgas Austrumu kl\u012bnisk\u0101s universit\u0101tes slimn\u012bcas) Latvijas plastisk\u0101s, rekonstrukt\u012bv\u0101s un mikro\u0137irur\u0123ijas centr\u0101. T\u0101 ieg\u016bta <strong>pieredze smagu un ak\u016btu traumu \u0101rst\u0113\u0161an\u0101, veiktas da\u017e\u0101da veida rekonstrukt\u012bvas oper\u0101cijas, replant\u0101cijas, l\u0113veru transplant\u0101cijas, mikro\u0137irur\u0123ija.<\/strong><\/p>\n\n\n\n<p class=\"has-text-align-left\">Tom\u0113r Lauru Loginu l\u012bdztekus praktiskajam darbam vienm\u0113r ir interes\u0113jusi ar\u012b zin\u0101tne. Neatlaid\u012bgi gatavojoties sava zin\u0101tnisk\u0101 darba izstr\u0101dei un, <strong>2005.gad\u0101 uzvarot konkurs\u0101 un sa\u0146emot &#8220;Zari\u0146u studiju ce\u013cojuma&nbsp;stipendiju&#8221;,<\/strong> realiz\u0113ja unik\u0101lu iesp\u0113ju \u2013 <strong>sta\u017e\u0113ties slavenaj\u0101 Mayo kl\u012bnik\u0101 Amerikas savienotaj\u0101s valst\u012bs<\/strong>. Zin\u0101tniskais darbs bija velt\u012bts pirkstu kaulu st\u0101vok\u013ca izmai\u0146\u0101m, kas radu\u0161\u0101s p\u0113c asinsrites atjauno\u0161anas amput\u0101cijas gad\u012bjum\u0101. <strong>2010.gad\u0101 paral\u0113li saspringtam ikdienas darbam kl\u012bnik\u0101, tika pabeigtas studijas doktorant\u016br\u0101, p\u0113t\u012bjuma eksperiment\u0101l\u0101 un kl\u012bnisk\u0101 da\u013c\u0101, t\u0101 ieg\u016bstot medic\u012bnas zin\u0101t\u0146u doktora gr\u0101du<\/strong> &#8211; <strong>\u201cReplant\u0113to aug\u0161\u0113jo ekstremit\u0101\u0161u kaulaudu ultraska\u0146as akustisko \u012bpa\u0161\u012bbu izmai\u0146as p\u0113c asins pieg\u0101des p\u0101rtrauk\u0161anas\u201d <\/strong>(ar doktora darbu iesp\u0113jams iepaz\u012bties: <a href=\"https:\/\/www.rsu.lv\/sites\/default\/files\/dissertations\/Kopsavilkums%20LV%20Logina.pdf\">https:\/\/www.rsu.lv\/sites\/default\/files\/dissertations\/Kopsavilkums%20LV%20Logina.pdf<\/a> ). <\/p>\n\n\n\n<p class=\"has-text-align-left\">P\u0113c vair\u0101k k\u0101 desmit gadu darba neatliekam\u0101 rekonstrukt\u012bv\u0101 un rokas \u0137irur\u0123ij\u0101, Laura Logina piev\u0113rs\u0101s <strong>plaukstas kaulu rekonstrukt\u012bvai \u0137irur\u0123ijai p\u0113c traum\u0101m un da\u017e\u0101du veidu hronisku saslim\u0161anu gad\u012bjumos<\/strong>. M\u0101c\u012bb\u0101s un pieredzes apmai\u0146\u0101 vair\u0101kas reizes sta\u017e\u0113jusies citu valstu kl\u012bnisk\u0101s, \u012bpa\u0161i labu sadarb\u012bbu izveidojot ar \u010cehijas rokas \u0137irur\u0123ijas speci\u0101listiem.&nbsp; <\/p>\n\n\n\n<p class=\"has-text-align-left\">Viesojoties slavenaj\u0101 Somijas, Tamperes kl\u012bnik\u0101 ieguva zin\u0101\u0161anas ar\u012b tik sare\u017e\u0123itu pacientu \u0101rst\u0113\u0161an\u0101, k\u0101 tetrapl\u0113\u0123ijas un b\u0113rnu cerebr\u0101l\u0101s triekas kust\u012bbu rekonstrukcija. <strong>Dr.Med. Laura Logina ir vien\u012bg\u0101 speci\u0101liste Latvij\u0101, kas ir pabeigusi augsti kvalific\u0113tu gan teor\u0113tisko, gan praktisko apm\u0101c\u012bbu rekonstrukt\u012bv\u0101s \u0137irur\u0123ijas un rehabilit\u0101cijas veik\u0161an\u0101 tetrapl\u0113\u0123ijas pacientiem.<\/strong><\/p>\n\n\n\n<p class=\"has-text-align-left\">Laura Logina vienm\u0113r ir centusies ar sav\u0101m zin\u0101\u0161an\u0101m dal\u012bties. Ar entuziasmu ir vair\u0101kus gadus piedal\u012bjusies jauno kol\u0113\u0123u &#8211; \u0101rstu apm\u0101c\u012bb\u0101 Universit\u0101t\u0113. Akt\u012bvi iesaist\u012bjusies rokas rehabilit\u0101cijas att\u012bst\u012bb\u0101 Latvij\u0101, sadarbojoties ar rehabilit\u0101cijas speci\u0101listiem, ergoterapeitiem.<\/p>\n\n\n\n<p class=\"has-text-align-left\">Dr.Med. Laura Logina un  \u201dLoginas Mikro\u0137irur\u0123ijas un Rehabilit\u0101cijas centrs\u201d uzs\u0101ka <strong>sistem\u0101tisku rokas, rekonstrukt\u012bv\u0101s un mikro\u0137irur\u0123ijas pakalpojuma snieg\u0161anu Kurzemes re\u0123ion\u0101.<\/strong>&nbsp; Tika izveidota sadarb\u012bba ar re\u0123iona \u0123imenes \u0101rstiem, k\u0101 ar\u012b citu specialit\u0101\u0161u \u0101rstiem un \u0137irurgiem da\u017e\u0101d\u0101s \u0101rstniec\u012bbas iest\u0101d\u0113s. 2007.gad\u0101 tika nosl\u0113gti sadarb\u012bbas l\u012bgumi ar vair\u0101k\u0101m \u0101rstniec\u012bbas iest\u0101d\u0113m, taj\u0101 skait\u0101 ar\u012b Liep\u0101jas re\u0123ion\u0101lo slimn\u012bcu, Siguldas slimn\u012bcu. Uz\u0146\u0113mums ne tikai veic medic\u012bnas pakalpojumu snieg\u0161anu, bet  ar sav\u0101m zin\u0101\u0161an\u0101m un invest\u012bcij\u0101m iesaist\u0101s re\u0123iona medic\u012bnas pakalpojuma kvalit\u0101tes cel\u0161an\u0101. <\/p>\n\n\n\n<p class=\"has-text-align-left\">Savas zin\u0101\u0161anas un prasmes dr.med. Laura Logina ir invest\u0113jusi <strong>&#8220;Izgul\u0113jumu un hronisku br\u016b\u010du \u0101rst\u0113\u0161anas vadl\u012bniju&#8221; <\/strong>izstr\u0101d\u0113.<\/p>\n\n\n\n<p class=\"has-text-align-left\">Mikro\u0137irur\u0123ijas tehnikas p\u0101rzin\u0101\u0161ana un ilgsto\u0161a pieredze rekonstrukt\u012bvaj\u0101 \u0137irur\u0123ij\u0101 pav\u0113ra iesp\u0113jas sadarb\u012bb\u0101 ar citu specialit\u0101\u0161u \u0101rstiem dr.med. Laurai Loginai pal\u012bdz\u0113t ar\u012b pacientiem ar specifisk\u0101m un ret\u0101m saslim\u0161an\u0101m, k\u0101 ar\u012b iesaist\u012bties smagu onkolo\u0123isku pacientu rekonstrukt\u012bvaj\u0101 \u0137irur\u0123ij\u0101. Pak\u0101peniski veidoj\u0101s liel\u0101ka interese par kr\u016bts rekonstrukt\u012bvo \u0137irur\u0123iju.&nbsp; <\/p>\n\n\n\n<p class=\"has-text-align-left\">Specializ\u0113ta apm\u0101c\u012bba kr\u016bts audz\u0113ju \u0101rst\u0113\u0161an\u0101 un rekonstrukcij\u0101 atbilsto\u0161i&nbsp; starptautisk\u0101m un Eiropas savien\u012bbas vadl\u012bnij\u0101m ir iesp\u0113jama tikai \u0101rpus Latvijas,&nbsp; t\u0101p\u0113c Dr.Med. Laura Logina uzs\u0101ka m\u0101c\u012bbas Barselonas Eiropas \u0137irur\u0123isk\u0101 onkolo\u0123ijas, rekonstrukt\u012bv\u0101s un est\u0113tisk\u0101s kr\u016bts \u0137irur\u0123ijas ma\u0123istra gr\u0101da studij\u0101s (European Master\u2019s degree in surgical oncology, reconstructive and aesthetic breast surgery). Stud\u0113\u0161anas laik\u0101 tika apg\u016btas gan teor\u0113tisk\u0101s zin\u0101\u0161anas, gan unik\u0101las praktisk\u0101s iema\u0146as, iesaistoties citu Eiropas valstu kl\u012bniku ikdienas darb\u0101. Studijas dr.med. Laurai Loginai deva zin\u0101\u0161anas kritiski izv\u0113rt\u0113t kr\u016bts rekonstrukt\u012bv\u0101s \u0137irur\u0123ijas st\u0101vokli Latvij\u0101 un sagatavot &#8220;Kr\u016bts vien\u012bbas&#8221; projektu. <strong>&#8220;Kr\u016bts vien\u012bbas&#8221; projekta ievie\u0161ana notika divus gadus un ir Dr.Med Lauras Loginas un uz\u0146\u0113muma d\u0101vana Kurzemes re\u0123iona sieviet\u0113m. <\/strong><\/p>\n\n\n\n<p class=\"has-text-align-left\"><strong>2021.gada oktobr\u012b Dr.Med. Laura Logina ir k\u013cuvusi par pirmo speci\u0101listi no Latvijas, kas veiksm\u012bgi pabeigusi Barselonas Eiropas \u0137irur\u0123isk\u0101s onkolo\u0123ijas, rekonstrukt\u012bv\u0101s un est\u0113tisk\u0101s kr\u016bts \u0137irur\u0123ijas studijas un  ieguvusi ma\u0123istra gr\u0101du. <\/strong><\/p>\n\n\n\n<hr class=\"wp-block-separator\"\/>\n\n\n\n<p class=\"has-medium-font-size\"><strong>Raksti par dr.med. Lauru Loginu<\/strong><\/p>\n\n\n\n<p><strong>Paties\u012bbu ir daudz.<\/strong> Intervija ar plastikas un roku \u0137irur\u0123i Lauru Loginu (2013.02.03. I.Brikere, LA.LV)<\/p>\n\n\n\n<p><a href=\"https:\/\/www.la.lv\/patiesibu-ir-daudz-intervija-ar-plastikas-un-roku-kirurgi-lauru-loginu-3\">https:\/\/www.la.lv\/patiesibu-ir-daudz-intervija-ar-plastikas-un-roku-kirurgi-lauru-loginu-3<\/a><\/p>\n\n\n\n<p><strong>Vajag, lai b\u016btu interesanti! <\/strong>Laura Logina, plastikas un rokas \u0137irur\u0123e (2019.04.03. K.Pastore, Doctus)<\/p>\n\n\n\n<p><a href=\"https:\/\/www.doctus.lv\/raksts\/personibas-un-viedokli\/intervijas\/vajag-lai-butu-interesanti-laura-logina-plastikas-un-rokas-kirurge-4080\/\">https:\/\/www.doctus.lv\/raksts\/personibas-un-viedokli\/intervijas\/vajag-lai-butu-interesanti-laura-logina-plastikas-un-rokas-kirurge-4080\/<\/a><\/p>\n\n\n\n<p><\/p>\n\n\n\n<hr class=\"wp-block-separator\"\/>\n\n\n\n<p class=\"has-medium-font-size\"><strong>Darba pieredze un zin\u0101tnisk\u0101s aktivit\u0101tes<\/strong><\/p>\n\n\n\n<p>\u2022 <strong>Biomeh\u0101nikas zin\u0101tnisko p\u0113t\u012bjumu grupa, rehabilit\u0101cijas centrs \u201cVaivari\u201d un R\u012bgas Stradi\u0146a Universit\u0101te <\/strong><br>Ultraska\u0146as izplat\u012b\u0161an\u0101s \u0101truma izmai\u0146as ekstremit\u0101\u0161u kaulos insulta slimniekiem Darba vad\u012bt\u0101js: prof.A.V\u0113tra (1998-2001.)<br>\u2022 <strong>Aizku\u0146\u0123a dziedzera patolo\u0123ijas p\u0113t\u012bjumu zin\u0101tnisk\u0101 grupa, slimn\u012bca \u201cGai\u013cezers\u201d<\/strong><br>Pilota p\u0113t\u012bjums \u201cIntra abdomin\u0101l\u0101 spiediena un nieru funkciju izmai\u0146as ak\u016bta pankreat\u012bta un sekund\u0101ra periton\u012bta pacientiem p\u0113coper\u0101cijas period\u0101\u201d. Darba vad\u012bt\u0101js: prof.G.Pupelis (1999-2000).<br>\u2022 <strong>Heredit\u0101r\u0101 nepolipoz\u0101 kolorekt\u0101l\u0101 v\u0113\u017ea zin\u0101tnisko p\u0113t\u012bjumu grupa, P.Stradi\u0146a kl\u012bnisk\u0101 Universit\u0101tes slimn\u012bca<\/strong><br>Darba vad\u012bt\u0101js: prof. J.Gardovskis, (2000-2002)<br>\u2022 <strong>Ordin\u0101tors SIA \u201cLatvijas plastisk\u0101s, rekonstrukt\u012bv\u0101s un mikro\u0137irur\u0123ijas centrs<\/strong>\u201d<br>2001.-2006.g.<br>\u2022 <strong>Plastikas \u0137irurgs SIA \u201cLatvijas plastisk\u0101s, rekonstrukt\u012bv\u0101s un mikro\u0137irur\u0123ijas centrs\u201d<\/strong><br>2006.-2010.g.<br>\u2022 <strong>Latvijas plastisk\u0101s, rekonstrukt\u012bv\u0101s un mikro\u0137irur\u0123ijas centrs<\/strong><br>P\u0113t\u012bjums: \u201cThe versatility of distally based radial forearm flap in a case of interruption of both carpal arterial arches\u201c (2001). Darba vad\u012bt\u0101js: dr.O.Libermanis<br>\u2022 <strong>Konsultants SIA \u201cLatvijas plastisk\u0101s, rekonstrukt\u012bv\u0101s un rokas \u0137irur\u0123ijas centrs\u201d<\/strong><br>2002.-2003.g.<br>\u2022<strong> B.Zari\u0146a fonda ce\u013cojuma stipendijas stipendi\u0101te (2004.)<\/strong><br>Darba \u201cReplant\u0113to aug\u0161\u0113jo ekstremit\u0101\u0161u kaulaudu ultraska\u0146as akustisko \u012bpa\u0161\u012bbu izmai\u0146as p\u0113c asins pieg\u0101des p\u0101rtrauk\u0161anas\u201d pilnveido\u0161ana un sta\u017e\u0113\u0161an\u0101s iesp\u0113jas ASV, Ro\u010destera, Mayo kl\u012bnik\u0101 un zin\u0101tniskaj\u0101 laboratorij\u0101.<br>\u2022 <strong>Mayo kl\u012bnika, Ro\u010destera, ASV, sta\u017e\u0113\u0161an\u0101s laik\u0101 2005.g.<\/strong><br>(2005.08.-2006.02.) veikts pilotp\u0113t\u012bjums par asinsriti tru\u0161u ekstremit\u0101\u0161u kaulos, k\u0101 rezult\u0101t\u0101 izstr\u0101d\u0101ts eksperiment\u0101l\u0101 p\u0113t\u012bjuma protokols, k\u0101 ar\u012b modelis replant\u0101cijas veik\u0161anai tru\u0161u ekstremit\u0101t\u0113s.<br>\u2022 <strong>Konsultants SIA R\u012bgas Austrumu kl\u012bnisk\u0101s universit\u0101tes slimn\u012bca, kl\u012bnika \u201cGai\u013cezers\u201d<\/strong><br>2006.-2015.g.<br>\u2022 <strong>Plastikas un rokas \u0137irurgs, valdes locekle SIA \u201cLoginas Mikro\u0137irur\u0123ijas un Rehabilit\u0101cijas centrs\u201d<\/strong><br>no 2007.gada l\u012bdz \u0161im br\u012bdim.<br>\u2022 <strong>Konsultants SIA \u201cLiep\u0101jas re\u0123ion\u0101l\u0101 slimn\u012bca\u201d<\/strong><br>2007.-2020.g.<br>\u2022 <strong>P\u0113tnieks, doktorants R\u012bgas Stradi\u0146a Universit\u0101tes projekt\u0101<\/strong><br>\u201cEndog\u0113no un eksog\u0113no nelabv\u0113l\u012bgo (riska) faktoru ietekmes izp\u0113te uz cilv\u0113ka organisma sist\u0113m\u0101m un funkcion\u0113\u0161an\u0101s sp\u0113j\u0101m ar multidisciplin\u0101ras pieejas pal\u012bdz\u012bbu\u201d apak\u0161projekt\u0101 \u201cApak\u0161stilbu traumu noz\u012bme hronisku apak\u0161stilbu v\u0113noz\u0101s atteces saslim\u0161anu att\u012bst\u012bb\u0101\u201d. (2007.-2009.g.)<br>\u2022 <strong>Sta\u017e\u0113\u0161an\u0101s Somij\u0101<\/strong><br>Tampere University hospital &#8211; prof.S.Vilki, 11.03.2007.-18.03.2007.<br>\u2022 <strong>Pieaicin\u0101tais lektors Br\u016b\u010du kl\u012bnik\u0101 un Br\u016b\u010du un izgul\u0113jumu asoci\u0101cij\u0101<\/strong><br>\u2022 <strong>Pieaicin\u0101tais lektors LU Medic\u012bnas p\u0113cdiploma apm\u0101c\u012bbas fakult\u0101te<\/strong>, 2007-2009.g.<br>\u2022 <strong>Sta\u017e\u0113\u0161an\u0101s \u010cehij\u0101<\/strong><br>Vysok\u00e9 nad Jizerou, \u00dastavu chirurgie ruky a plastick\u00e9 chirurgie Vysok\u00e9 nad Jizerou, 2009.g.<br>\u2022 <strong>Kongresa organiz\u0113\u0161anas komisijas prezidente \u201cFirst Welcome Meeting of Reconstructive, Hand and Aesthetic Surgery of Baltic States\u201d<\/strong>, Latvija, 22-23.05.2009.<br>\u2022 <strong>Konsultants Siguldas slimn\u012bca<\/strong><br>no 2010.gada l\u012bdz \u0161im br\u012bdim.<br>\u2022 <strong>Organizators semin\u0101ram \u201cNovelty in Tetraplegia hand surgery\u201d<\/strong><br>Uzaicin\u0101tais lektors prof.Jan Frid\u00e9n, R\u012bga, 17.05.2011.<br>\u2022 <strong>Zin\u0101tnisk\u0101 darba vad\u012bt\u0101ja bakalaura darbam \u201cKarp\u0101l\u0101 kan\u0101la sindroma subjekt\u012bv\u0101s izpausmes, diagnostika un rehabilit\u0101cija p\u0113coper\u0101cijas perido\u0101 pacientiem Latvij\u0101\u201d<\/strong>, 2011.g.<br>\u2022 <strong>P\u0113tnieks ESF projekt\u0101: \u201eInterdisciplinary research group created a new intelligent textiles functional characteristics of the development and integration of innovative products\u201d<\/strong><br>Sadarb\u012bba ar Latvijas Lauksaimniec\u012bbas Universit\u0101ti, 2011.-2015.g.<br>\u2022 <strong>R\u012bgas Stradi\u0146a universit\u0101te, dokturant\u016bras studijas<\/strong>, 2005.-2008.g.<br>\u2022 <strong>R\u012bgas Stradi\u0146a universit\u0101te, ieg\u016bts medic\u012bnas doktora zin\u0101tniskais gr\u0101ds<\/strong>, 2011.g.<br>\u2022 <strong>Organizatore un lektore semin\u0101ram \u201ePrinciples of hand therapy of persons with hand disorders, hand orthotics\u201d<\/strong><br>Uzaicin\u0101tais lektors Ch.Fernholm (Zviedrija), R\u012bga, 22.-23.02.2012.<br>\u2022 <strong>Sta\u017e\u0113\u0161an\u0101s \u0160veices parapl\u0113\u0123ijas centr\u0101<\/strong><br>(Swiss Paraplegic Centre) Nottwil, 16-20.04.2012.<br>\u2022 <strong>Piesaist\u012bt\u0101 eksperte Valsts tiesu medic\u012bnas ekspert\u012bzes centrs<\/strong>, 2017.-2019.<br>\u2022 <strong>Sta\u017e\u0113\u0161an\u0101s kr\u016bts onkolo\u0123ijas, rekonstrukt\u012bv\u0101 un est\u0113tisk\u0101 \u0137irur\u0123ij\u0101 kl\u012bnik\u0101s: Somijas Toolo Hospital, V\u0101cijas kl\u012bnik\u0101 Sana Hospital Gerresheim Dusseldorf, Francijas kl\u012bnik\u0101 Institut Gustave Roussy<\/strong>, 2019-2020.g.<\/p>\n","protected":false},"excerpt":{"rendered":"<p>Laura Logina, medic\u012bnas zin\u0101t\u0146u doktore ir sertific\u0113ta plastikas un rokas \u0137irur\u0123e, mikro\u0137irur\u0123e, kr\u016bts \u0137irur\u0123e. Savas profesion\u0101l\u0101s darb\u012bbas pirms\u0101kumos galven\u0101 interese ir bijusi par rokas \u0137irur\u0123iju,&hellip;<\/p>\n","protected":false},"author":1,"featured_media":0,"parent":0,"menu_order":10,"comment_status":"closed","ping_status":"closed","template":"","meta":{"_mi_skip_tracking":false,"footnotes":""},"class_list":["post-2","page","type-page","status-publish","hentry"],"aioseo_notices":[],"yoast_head":"<!-- This site is optimized with the Yoast SEO plugin v27.2 - https:\/\/yoast.com\/product\/yoast-seo-wordpress\/ -->\n<title>Dr.Med. Laura Logina - Loginas Mikro\u0137irur\u0123ijas un Rehabilit\u0101cijas centrs<\/title>\n<meta name=\"robots\" content=\"index, follow, max-snippet:-1, max-image-preview:large, max-video-preview:-1\" \/>\n<link rel=\"canonical\" href=\"https:\/\/logina.lv\/index.php\/sample-page\/\" \/>\n<meta property=\"og:locale\" content=\"lv_LV\" \/>\n<meta property=\"og:type\" content=\"article\" \/>\n<meta property=\"og:title\" content=\"Dr.Med. Laura Logina - Loginas Mikro\u0137irur\u0123ijas un Rehabilit\u0101cijas centrs\" \/>\n<meta property=\"og:description\" content=\"Laura Logina, medic\u012bnas zin\u0101t\u0146u doktore ir sertific\u0113ta plastikas un rokas \u0137irur\u0123e, mikro\u0137irur\u0123e, kr\u016bts \u0137irur\u0123e. Savas profesion\u0101l\u0101s darb\u012bbas pirms\u0101kumos galven\u0101 interese ir bijusi par rokas \u0137irur\u0123iju,&hellip;\" \/>\n<meta property=\"og:url\" content=\"https:\/\/logina.lv\/index.php\/sample-page\/\" \/>\n<meta property=\"og:site_name\" content=\"Loginas Mikro\u0137irur\u0123ijas un Rehabilit\u0101cijas centrs\" \/>\n<meta property=\"article:modified_time\" content=\"2022-12-05T07:00:15+00:00\" \/>\n<meta property=\"og:image\" content=\"http:\/\/80.233.182.142\/wp-content\/uploads\/2021\/05\/L.Logina-768x1024.jpg\" \/>\n<meta name=\"twitter:card\" content=\"summary_large_image\" \/>\n<meta name=\"twitter:site\" content=\"@logina_lv\" \/>\n<meta name=\"twitter:label1\" content=\"Est. reading time\" \/>\n\t<meta name=\"twitter:data1\" content=\"6 min\u016btes\" \/>\n<script type=\"application\/ld+json\" class=\"yoast-schema-graph\">{\"@context\":\"https:\/\/schema.org\",\"@graph\":[{\"@type\":\"WebPage\",\"@id\":\"https:\/\/logina.lv\/index.php\/sample-page\/\",\"url\":\"https:\/\/logina.lv\/index.php\/sample-page\/\",\"name\":\"Dr.Med. Laura Logina - Loginas Mikro\u0137irur\u0123ijas un Rehabilit\u0101cijas centrs\",\"isPartOf\":{\"@id\":\"https:\/\/logina.lv\/#website\"},\"primaryImageOfPage\":{\"@id\":\"https:\/\/logina.lv\/index.php\/sample-page\/#primaryimage\"},\"image\":{\"@id\":\"https:\/\/logina.lv\/index.php\/sample-page\/#primaryimage\"},\"thumbnailUrl\":\"http:\/\/80.233.182.142\/wp-content\/uploads\/2021\/05\/L.Logina-768x1024.jpg\",\"datePublished\":\"2021-05-20T19:13:17+00:00\",\"dateModified\":\"2022-12-05T07:00:15+00:00\",\"breadcrumb\":{\"@id\":\"https:\/\/logina.lv\/index.php\/sample-page\/#breadcrumb\"},\"inLanguage\":\"lv-LV\",\"potentialAction\":[{\"@type\":\"ReadAction\",\"target\":[\"https:\/\/logina.lv\/index.php\/sample-page\/\"]}]},{\"@type\":\"ImageObject\",\"inLanguage\":\"lv-LV\",\"@id\":\"https:\/\/logina.lv\/index.php\/sample-page\/#primaryimage\",\"url\":\"http:\/\/80.233.182.142\/wp-content\/uploads\/2021\/05\/L.Logina-768x1024.jpg\",\"contentUrl\":\"http:\/\/80.233.182.142\/wp-content\/uploads\/2021\/05\/L.Logina-768x1024.jpg\"},{\"@type\":\"BreadcrumbList\",\"@id\":\"https:\/\/logina.lv\/index.php\/sample-page\/#breadcrumb\",\"itemListElement\":[{\"@type\":\"ListItem\",\"position\":1,\"name\":\"Home\",\"item\":\"https:\/\/logina.lv\/\"},{\"@type\":\"ListItem\",\"position\":2,\"name\":\"Dr.Med. Laura Logina\"}]},{\"@type\":\"WebSite\",\"@id\":\"https:\/\/logina.lv\/#website\",\"url\":\"https:\/\/logina.lv\/\",\"name\":\"Loginas Mikro\u0137irur\u0123ijas un Rehabilit\u0101cijas centrs\",\"description\":\"Uz zin\u0101tniski pier\u0101d\u012bt\u0101m metod\u0113m un pieredzi pamatots risin\u0101jums\",\"publisher\":{\"@id\":\"https:\/\/logina.lv\/#organization\"},\"potentialAction\":[{\"@type\":\"SearchAction\",\"target\":{\"@type\":\"EntryPoint\",\"urlTemplate\":\"https:\/\/logina.lv\/?s={search_term_string}\"},\"query-input\":{\"@type\":\"PropertyValueSpecification\",\"valueRequired\":true,\"valueName\":\"search_term_string\"}}],\"inLanguage\":\"lv-LV\"},{\"@type\":\"Organization\",\"@id\":\"https:\/\/logina.lv\/#organization\",\"name\":\"Loginas Mikro\u0137irur\u0123ijas un Rehabilit\u0101cijas centrs\",\"url\":\"https:\/\/logina.lv\/\",\"logo\":{\"@type\":\"ImageObject\",\"inLanguage\":\"lv-LV\",\"@id\":\"https:\/\/logina.lv\/#\/schema\/logo\/image\/\",\"url\":\"https:\/\/logina.lv\/wp-content\/uploads\/2021\/05\/logosmall-1.png\",\"contentUrl\":\"https:\/\/logina.lv\/wp-content\/uploads\/2021\/05\/logosmall-1.png\",\"width\":109,\"height\":89,\"caption\":\"Loginas Mikro\u0137irur\u0123ijas un Rehabilit\u0101cijas centrs\"},\"image\":{\"@id\":\"https:\/\/logina.lv\/#\/schema\/logo\/image\/\"},\"sameAs\":[\"https:\/\/x.com\/logina_lv\"]}]}<\/script>\n<!-- \/ Yoast SEO plugin. -->","yoast_head_json":{"title":"Dr.Med. Laura Logina - Loginas Mikro\u0137irur\u0123ijas un Rehabilit\u0101cijas centrs","robots":{"index":"index","follow":"follow","max-snippet":"max-snippet:-1","max-image-preview":"max-image-preview:large","max-video-preview":"max-video-preview:-1"},"canonical":"https:\/\/logina.lv\/index.php\/sample-page\/","og_locale":"lv_LV","og_type":"article","og_title":"Dr.Med. Laura Logina - Loginas Mikro\u0137irur\u0123ijas un Rehabilit\u0101cijas centrs","og_description":"Laura Logina, medic\u012bnas zin\u0101t\u0146u doktore ir sertific\u0113ta plastikas un rokas \u0137irur\u0123e, mikro\u0137irur\u0123e, kr\u016bts \u0137irur\u0123e. Savas profesion\u0101l\u0101s darb\u012bbas pirms\u0101kumos galven\u0101 interese ir bijusi par rokas \u0137irur\u0123iju,&hellip;","og_url":"https:\/\/logina.lv\/index.php\/sample-page\/","og_site_name":"Loginas Mikro\u0137irur\u0123ijas un Rehabilit\u0101cijas centrs","article_modified_time":"2022-12-05T07:00:15+00:00","og_image":[{"url":"http:\/\/80.233.182.142\/wp-content\/uploads\/2021\/05\/L.Logina-768x1024.jpg","type":"","width":"","height":""}],"twitter_card":"summary_large_image","twitter_site":"@logina_lv","twitter_misc":{"Est. reading time":"6 min\u016btes"},"schema":{"@context":"https:\/\/schema.org","@graph":[{"@type":"WebPage","@id":"https:\/\/logina.lv\/index.php\/sample-page\/","url":"https:\/\/logina.lv\/index.php\/sample-page\/","name":"Dr.Med. Laura Logina - Loginas Mikro\u0137irur\u0123ijas un Rehabilit\u0101cijas centrs","isPartOf":{"@id":"https:\/\/logina.lv\/#website"},"primaryImageOfPage":{"@id":"https:\/\/logina.lv\/index.php\/sample-page\/#primaryimage"},"image":{"@id":"https:\/\/logina.lv\/index.php\/sample-page\/#primaryimage"},"thumbnailUrl":"http:\/\/80.233.182.142\/wp-content\/uploads\/2021\/05\/L.Logina-768x1024.jpg","datePublished":"2021-05-20T19:13:17+00:00","dateModified":"2022-12-05T07:00:15+00:00","breadcrumb":{"@id":"https:\/\/logina.lv\/index.php\/sample-page\/#breadcrumb"},"inLanguage":"lv-LV","potentialAction":[{"@type":"ReadAction","target":["https:\/\/logina.lv\/index.php\/sample-page\/"]}]},{"@type":"ImageObject","inLanguage":"lv-LV","@id":"https:\/\/logina.lv\/index.php\/sample-page\/#primaryimage","url":"http:\/\/80.233.182.142\/wp-content\/uploads\/2021\/05\/L.Logina-768x1024.jpg","contentUrl":"http:\/\/80.233.182.142\/wp-content\/uploads\/2021\/05\/L.Logina-768x1024.jpg"},{"@type":"BreadcrumbList","@id":"https:\/\/logina.lv\/index.php\/sample-page\/#breadcrumb","itemListElement":[{"@type":"ListItem","position":1,"name":"Home","item":"https:\/\/logina.lv\/"},{"@type":"ListItem","position":2,"name":"Dr.Med. Laura Logina"}]},{"@type":"WebSite","@id":"https:\/\/logina.lv\/#website","url":"https:\/\/logina.lv\/","name":"Loginas Mikro\u0137irur\u0123ijas un Rehabilit\u0101cijas centrs","description":"Uz zin\u0101tniski pier\u0101d\u012bt\u0101m metod\u0113m un pieredzi pamatots risin\u0101jums","publisher":{"@id":"https:\/\/logina.lv\/#organization"},"potentialAction":[{"@type":"SearchAction","target":{"@type":"EntryPoint","urlTemplate":"https:\/\/logina.lv\/?s={search_term_string}"},"query-input":{"@type":"PropertyValueSpecification","valueRequired":true,"valueName":"search_term_string"}}],"inLanguage":"lv-LV"},{"@type":"Organization","@id":"https:\/\/logina.lv\/#organization","name":"Loginas Mikro\u0137irur\u0123ijas un Rehabilit\u0101cijas centrs","url":"https:\/\/logina.lv\/","logo":{"@type":"ImageObject","inLanguage":"lv-LV","@id":"https:\/\/logina.lv\/#\/schema\/logo\/image\/","url":"https:\/\/logina.lv\/wp-content\/uploads\/2021\/05\/logosmall-1.png","contentUrl":"https:\/\/logina.lv\/wp-content\/uploads\/2021\/05\/logosmall-1.png","width":109,"height":89,"caption":"Loginas Mikro\u0137irur\u0123ijas un Rehabilit\u0101cijas centrs"},"image":{"@id":"https:\/\/logina.lv\/#\/schema\/logo\/image\/"},"sameAs":["https:\/\/x.com\/logina_lv"]}]}},"_links":{"self":[{"href":"https:\/\/logina.lv\/index.php\/wp-json\/wp\/v2\/pages\/2","targetHints":{"allow":["GET"]}}],"collection":[{"href":"https:\/\/logina.lv\/index.php\/wp-json\/wp\/v2\/pages"}],"about":[{"href":"https:\/\/logina.lv\/index.php\/wp-json\/wp\/v2\/types\/page"}],"author":[{"embeddable":true,"href":"https:\/\/logina.lv\/index.php\/wp-json\/wp\/v2\/users\/1"}],"replies":[{"embeddable":true,"href":"https:\/\/logina.lv\/index.php\/wp-json\/wp\/v2\/comments?post=2"}],"version-history":[{"count":28,"href":"https:\/\/logina.lv\/index.php\/wp-json\/wp\/v2\/pages\/2\/revisions"}],"predecessor-version":[{"id":526,"href":"https:\/\/logina.lv\/index.php\/wp-json\/wp\/v2\/pages\/2\/revisions\/526"}],"wp:attachment":[{"href":"https:\/\/logina.lv\/index.php\/wp-json\/wp\/v2\/media?parent=2"}],"curies":[{"name":"wp","href":"https:\/\/api.w.org\/{rel}","templated":true}]}}