{"id":199,"date":"2021-05-28T08:03:36","date_gmt":"2021-05-28T08:03:36","guid":{"rendered":"http:\/\/80.233.182.142\/?page_id=199"},"modified":"2021-11-15T13:13:06","modified_gmt":"2021-11-15T10:13:06","slug":"kruts-kirurgija","status":"publish","type":"page","link":"https:\/\/logina.lv\/index.php\/kruts-kirurgija\/","title":{"rendered":"Kr\u016bts \u0137irur\u0123ija"},"content":{"rendered":"\n<p>Kr\u016bts \u0137irur\u0123ij\u0101 tiek veiktas<strong> oper\u0101cijas da\u017e\u0101du kr\u016bts ieg\u016btu un iedzimtu izmai\u0146u un saslim\u0161anu gad\u012bjumos.<\/strong> Iemesli veikt kr\u016bts oper\u0101cijas ir \u013coti da\u017e\u0101di. <\/p>\n\n\n\n<p>Kr\u016bts oper\u0101cij\u0101m ir <strong>medic\u012bniski iemesli <\/strong>\u2013 piem\u0113ram, kr\u016bts apjoma samazin\u0101\u0161ana vai lai iz\u0146emtu audz\u0113ju. Bie\u017ei oper\u0101cijas tiek veiktas<strong> kosm\u0113tisku iemeslu<\/strong> d\u0113\u013c &#8211; lai atjaunotu iesp\u0113jami jaun\u0101ku kr\u016bts izskatu vai palielin\u0101tu izm\u0113rus. Kr\u016bts oper\u0101cijas veic gan sieviet\u0113m, gan v\u012brie\u0161iem.<\/p>\n\n\n\n<p class=\"has-medium-font-size\"><br><strong><span class=\"has-inline-color has-vivid-red-color\">Augment\u0101cija<\/span><\/strong><\/p>\n\n\n\n<p><strong>Kr\u016bts \u0137irur\u0123ijas oper\u0101cija, kuras laik\u0101 tiek palielin\u0101ts kr\u016b\u0161u izm\u0113rs.<\/strong> Var b\u016bt vair\u0101ki iemesli, k\u0101p\u0113c sieviete iz\u0161\u0137iras par \u0161\u0101du izv\u0113li. Reiz\u0113m gr\u016btniec\u012bba var rad\u012bt \u013coti b\u016btiskas izmai\u0146as sievietes \u0137ermen\u012b, taj\u0101 skait\u0101 ar\u012b kr\u016bts izm\u0113r\u0101 un form\u0101 \u2013 augment\u0101cija var pal\u012bdz\u0113t uzlabot kr\u016bts izskatu. <\/p>\n\n\n\n<p>Augment\u0101cijas laik\u0101 tiek izmantoti <strong>implanti, <\/strong>kurus var novietot zem vai virs kr\u016bts musku\u013ca (m.pectoralis major). Implanti var b\u016bt pild\u012bti ar fiziolo\u0123isko \u0161\u0137\u012bdumu vai silikonu un tiek ievietoti izmantojot griezienus ap kr\u016bts galu, kr\u016bts apak\u0161\u0113j\u0101 robe\u017e\u0101 vai padus\u0113.<\/p>\n\n\n\n<p><br><strong>\u0160\u0101da veida oper\u0101cij\u0101m ir zin\u0101mi vair\u0101ki iesp\u0113jamie riski:<\/strong><\/p>\n\n\n\n<ul class=\"wp-block-list\"><li>infekcija, hematoma (asins sakr\u0101\u0161an\u0101s br\u016bces rajon\u0101), seroma (audu \u0161\u0137idruma sakr\u0101\u0161an\u0101s br\u016bces rajon\u0101), br\u016bces dz\u012b\u0161anas trauc\u0113jumi un visi riski, kas saist\u012bti ar visp\u0101r\u0113jo anest\u0113ziju t\u0101pat, k\u0101 pie jebkuras oper\u0101cijas<\/li><li>kapsulas kontrakt\u016bra<br>P\u0113c implanta ievieto\u0161anas organism\u0101 veidojas saistaudu\/r\u0113taudu apvalks, ko organisms veido apk\u0101rt implantam. T\u0101 ir norm\u0101la organisma reakcija pret sve\u0161\u0137ermeni. Tom\u0113r, ja kapsula veidojas izteikti bieza, bl\u012bva un saspie\u017e implantu, tas var rad\u012bt gan formas un izskata izmai\u0146as, gan ar\u012b diskomfortu un s\u0101pes.<\/li><li>implantu p\u0101rkl\u0101juma boj\u0101jums ar satura izl\u012b\u0161anu<br>Katrs implants ir r\u016bp\u012bgi p\u0101rbaud\u012bts un iesp\u0113jas veidoties boj\u0101jumam ir neliels, bet tas tom\u0113r past\u0101v. Jaun\u0101k\u0101s paaudzes implantiem ir \u201catmi\u0146a\u201d, kas boj\u0101juma gad\u012bjum\u0101 samazina iesp\u0113ju silikonam izplat\u012bties audos.<\/li><li>implanta st\u0101vok\u013ca mai\u0146a, rot\u0101cija jeb migr\u0101cija<\/li><li>izteikti r\u0113taudi<\/li><li>paman\u0101mas implanta malas<\/li><li>ju\u0161anas trauc\u0113jumi<\/li><li>organisma im\u016bn\u0101s sist\u0113mas atbilde<\/li><li>oper\u0101cijas rezult\u0101ts at\u0161\u0137iras no iecer\u0113t\u0101<br>Ja v\u0113laties oper\u0101ciju, tad \u013coti svar\u012bga ir god\u012bga un atkl\u0101ta saruna gan no pacienta, gan \u0101rsta. \u0100rstam ir svar\u012bgi saprast, ko tie\u0161i J\u016bs v\u0113l\u0113tos ieg\u016bt oper\u0101cijas rezult\u0101t\u0101. \u0100rsta zin\u0101\u0161anas un pieredze savuk\u0101rt var pal\u012bdz\u0113t izskaidrot un prognoz\u0113t re\u0101lo oper\u0101cijas rezult\u0101tu atkar\u012bb\u0101 no J\u016bsu konkr\u0113t\u0101s situ\u0101cijas, \u0137erme\u0146a uzb\u016bves un v\u0113lm\u0113m, k\u0101 ar\u012b izskaidrot iesp\u0113jamos riskus.<br>\u0136irurgs pirms oper\u0101cijas noteikti iepaz\u012bstin\u0101s ar visiem iesp\u0113jamiem riskiem un komplik\u0101cij\u0101m un to iesp\u0113jamiem risin\u0101jumiem.<\/li><\/ul>\n\n\n\n<p><\/p>\n\n\n\n<p class=\"has-medium-font-size\"><strong><span class=\"has-inline-color has-vivid-red-color\">Kr\u016bts redukcija<\/span><\/strong><\/p>\n\n\n\n<p>\u013boti lielas un smagas kr\u016btis var rad\u012bt t\u0101dus vesel\u012bbas trauc\u0113jumus k\u0101 muguras un kakla da\u013cas s\u0101pes, tirp\u0161anu, galvas s\u0101pes, st\u0101jas trauc\u0113jumus, k\u0101 ar\u012b \u0101das iekaisumus, diskomfortu. <strong>Kr\u016bts redukcijas laik\u0101 tiek samazin\u0101ti taukaudi, kr\u016bts dziedzeris un \u0101da<\/strong>. Ir da\u017e\u0101di oper\u0101cijas griezienu veidi \u2013 to izv\u0113le ir atkar\u012bga no t\u0101diem faktoriem k\u0101 kr\u016bts izm\u0113ra, \u0101das st\u0101vok\u013ca, vecuma un protams, sievietes v\u0113lm\u0113m. Oper\u0101cijas, kad kr\u016bts formas kori\u0123\u0113\u0161anai veic tikai \u0101das korekciju sauc par <strong>mastopeksiju.<\/strong><\/p>\n\n\n\n<p><br><strong>Ir zin\u0101mi sekojo\u0161i iesp\u0113jamie riski:<\/strong><\/p>\n\n\n\n<ul class=\"wp-block-list\"><li>infekcija, hematoma (asins sakr\u0101\u0161an\u0101s br\u016bces rajon\u0101), seroma (audu \u0161\u0137idruma sakr\u0101\u0161an\u0101s br\u016bces rajon\u0101), br\u016bces dz\u012b\u0161anas trauc\u0113jumi un visi riski, kas saist\u012bti ar visp\u0101r\u0113jo anest\u0113ziju t\u0101pat, k\u0101 pie jebkuras oper\u0101cijas<\/li><li>izteikti r\u0113taudi<\/li><li>taukaudu asinsrites trauc\u0113jumi, kas v\u0113l\u0101k var rad\u012bt cisti\u0146as<\/li><li>bl\u012bv\u0101ki kr\u016bts audu rajoni, asimetrija<\/li><li>ju\u0161anas trauc\u0113jumi<\/li><li>kr\u016bts gala asinsrites trauc\u0113jumi<\/li><li>trauc\u0113jumi b\u0113rna baro\u0161anai ar kr\u016bti<\/li><li>oper\u0101cijas rezult\u0101ts at\u0161\u0137iras no iecer\u0113t\u0101<\/li><\/ul>\n\n\n\n<p><\/p>\n\n\n\n<p class=\"has-medium-font-size\"><strong><span class=\"has-inline-color has-vivid-red-color\">Kr\u016bts rekonstrukt\u012bv\u0101s oper\u0101cijas<\/span><\/strong><\/p>\n\n\n\n<p><strong>Da\u017e\u0101das sare\u017e\u0123\u012bt\u012bbas oper\u0101cijas, kuru laik\u0101 tiek izmain\u012bta kr\u016bts kont\u016bra, izm\u0113rs un forma izmantojot implantus vai pacientes pa\u0161as audus.<\/strong> Visbie\u017e\u0101k rekonstrukt\u012bvas kr\u016bts oper\u0101cijas veic pacient\u0113m ar kr\u016bts audz\u0113ju vai p\u0113c kr\u016bts audz\u0113ja \u0101rst\u0113\u0161anas, bet veic ar\u012b p\u0113c traum\u0101m, infekcij\u0101m, iepriek\u0161 veikt\u0101m oper\u0101cij\u0101m, apdegumiem.<br><\/p>\n\n\n\n<p><strong>Bie\u017e\u0101kie rekonstrukt\u012bvo <\/strong>oper\u0101ciju veidi ir:<\/p>\n\n\n\n<ul class=\"wp-block-list\"><li>augment\u0101cija<\/li><li>espanderu ievieto\u0161ana<\/li><li>kr\u016bts redukcija<\/li><li>mastopeksija<\/li><li>r\u0113taudu korekcija<\/li><li>lok\u0101li audu l\u0113veri<\/li><li>br\u012bvi \u0101das l\u0113veri<\/li><li>lipofillings (izmantojot taukaudus)<\/li><li>kr\u016bts zirn\u012b\u0161a rekonstrukcija<br><\/li><\/ul>\n\n\n\n<p><strong>Rekonstrukt\u012bv\u0101s oper\u0101cijas var veikt vienlaic\u012bgi ar audz\u0113ja iz\u0146em\u0161anu un pareizas taktikas izv\u0113l\u0113 tas nek\u0101d\u0101 veid\u0101 neietekm\u0113 onkolo\u0123isk\u0101s saslim\u0161anas \u0101rst\u0113\u0161anu. <\/strong><\/p>\n\n\n\n<p><strong>\u0160\u0101das oper\u0101cijas var veikt ar\u012b p\u0113c piln\u012bgas onkolo\u0123isk\u0101s saslim\u0161anas stabiliz\u0101cijas <\/strong>\u2013 veikta audz\u0113ja iz\u0146em\u0161ana un ja nepiecie\u0161ams \u2013 \u0137\u012bmijterapija, staru terapija. Kvalitat\u012bvu rekonstrukt\u012bvo oper\u0101ciju veik\u0161anai ir nepiecie\u0161amas specifiskas zin\u0101\u0161anas un prasmes.<br><\/p>\n\n\n\n<p><strong>Kr\u016bts audz\u0113ja gad\u012bjum\u0101 iesp\u0113jams veikt:<\/strong><\/p>\n\n\n\n<ul class=\"wp-block-list\"><li>audz\u0113ja iz\u0146em\u0161anas oper\u0101ciju, bet atst\u0101jot p\u0101r\u0113jo, neskarto kr\u016bts da\u013cu.<\/li><li>piln\u012bgu kr\u016bts dziedzera iz\u0146em\u0161anu jeb mastektomiju.<br><\/li><\/ul>\n\n\n\n<p><strong>Oper\u0101cijas veida izv\u0113li medic\u012bniski nosaka konkr\u0113tais audz\u0113ja veids, izm\u0113rs, kr\u016b\u0161u izm\u0113rs, lok\u0101lais audu st\u0101voklis, onkolo\u0123isk\u0101s saslim\u0161anas stadija, blakus saslim\u0161anas, ta\u010du to ietekm\u0113 ar\u012b pa\u0161as pacientes izv\u0113le. <\/strong>Kr\u016bts audz\u0113ja gad\u012bjum\u0101 oper\u0101cijas galvenais princips \u2013 iz\u0146emt visu audz\u0113ju, tom\u0113r oper\u0101cijai ir j\u0101b\u016bt ar\u012b audus saudz\u0113jo\u0161ai un radot iesp\u0113jami maz\u0101kus fiziskos un psihoemocion\u0101los trauc\u0113jumus. <\/p>\n\n\n\n<p>Sieviet\u0113m ar \u013coti augstu kr\u016bts audz\u0113ja risku (\u0123en\u0113tiski pier\u0101d\u012bts paaugstin\u0101ts risks u.c.) <strong>iesp\u0113jams veikt profilaktisku mastektomiju. <\/strong>\u0160ajos gad\u012bjumos oper\u0101cija tiek veikta pirms sievietei konstat\u0113 kr\u016bts audz\u0113ju un iesp\u0113jams br\u012bvi pl\u0101not rekonstrukcijas veidu.<br><\/p>\n\n\n\n<p class=\"has-medium-font-size\"><strong><span class=\"has-inline-color has-vivid-red-color\">Limf\u0101tisko mezglu oper\u0101cijas<\/span><\/strong><\/p>\n\n\n\n<p>Kr\u016bts audz\u0113ja gad\u012bjumos ir nepiecie\u0161ams p\u0101rbaud\u012bt paduses limf\u0101tisko mezglu st\u0101vokli. To m\u016bsdien\u0101s iesaka veikt iesp\u0113jami saudz\u0113jo\u0161i. <\/p>\n\n\n\n<p><strong>Ja nav aizdomas par audz\u0113ju \u0161\u016bnu esam\u012bbu limf\u0101tiskos mezglos, k\u0101 ar\u012b lai p\u0101rliecin\u0101tos, ka tajos nav audz\u0113ja \u0161\u016bnas veic biopsiju vai atsevi\u0161\u0137u sargmezglu izmekl\u0113\u0161anu.<\/strong> <\/p>\n\n\n\n<p>Ja paduses limf\u0101tiskos mezglos ir atrastas audz\u0113ja \u0161\u016bnas vai oper\u0101cijas laik\u0101 tie ir izmain\u012bti, tad var b\u016bt nepiecie\u0161am\u012bba veikt <strong>limfadenektomiju<\/strong> = limf\u0101tisko mezglu iz\u0146em\u0161anu.<br><\/p>\n\n\n\n<p><strong>P\u0113c limfadenektomij\u0101m bie\u017ei rodas t\u0101das komplik\u0101cijas k\u0101:<\/strong><\/p>\n\n\n\n<ul class=\"wp-block-list\"><li>limfas atteces trauc\u0113jumi rok\u0101<\/li><li>tirp\u0161ana un nej\u016bt\u012bgums<\/li><li>kust\u012bbu ierobe\u017eojums, s\u0101pes un st\u012bvums<\/li><li>limfas kr\u0101\u0161an\u0101s oper\u0101cijas r\u0113tas viet\u0101.<br><\/li><\/ul>\n\n\n\n<p>P\u0113d\u0113jo desmit gadu laik\u0101 ir ieg\u016bti pier\u0101d\u012bjumi, ka <strong>limfadenektomijas veik\u0161ana pati par sevi neuzlabo pacienta dz\u012bvildzi un prognozi, t\u0101d\u0113\u013c m\u016bsdien\u012bg\u0101 kr\u016bts onko\u0137irur\u0123ijas skat\u012bjum\u0101 limfadenektomiju veic tikai p\u0113c stingr\u0101m indik\u0101cij\u0101m vai iemesliem.<\/strong><br>Gad\u012bjumos, ja limfadenektomiju nepiecie\u0161ams veikt, bet p\u0113c oper\u0101cijas par\u0101d\u0101s k\u0101da no iepriek\u0161 min\u0113t\u0101m komplik\u0101cij\u0101m, iesp\u0113jama gan konservat\u012bva, gan \u0137irur\u0123iska \u0101rst\u0113\u0161ana.<\/p>\n\n\n\n<p><\/p>\n\n\n\n<p class=\"has-medium-font-size\"><strong><span class=\"has-inline-color has-vivid-red-color\">Labdab\u012bgu veidojumu un cistu iz\u0146em\u0161ana<\/span><\/strong><\/p>\n\n\n\n<p><br>Kr\u016bts dziedzer\u012b var veidoties labdab\u012bgi veidojumi, cistas, \u0161\u0137idruma iesl\u0113gumi, kurus visbie\u017e\u0101k ir r\u016bp\u012bgi j\u0101nov\u0113ro un nav nepiecie\u0161ama oper\u0101cija. Tom\u0113r veidojumi var b\u016bt izteikti lieli, rad\u012bt s\u016bdz\u012bbas. \u0160ajos gad\u012bjumos iesp\u0113jams veikt veidojumu iz\u0146em\u0161anu, izmantojot iesp\u0113jami lab\u0101ko est\u0113tisko risin\u0101jumu un nepiecie\u0161am\u012bbas gad\u012bjum\u0101, kori\u0123\u0113jot kr\u016bts formu.<\/p>\n\n\n\n<p><\/p>\n\n\n\n<p class=\"has-medium-font-size\"><strong><span class=\"has-inline-color has-vivid-red-color\">Kr\u016bts \u0137irur\u0123ijas oper\u0101cijas v\u012brie\u0161iem<\/span><\/strong><\/p>\n\n\n\n<p><br>Ar\u012b v\u012brie\u0161iem ir kr\u016bts dziedzera audi. \u0145emot v\u0113r\u0101 v\u012brie\u0161a hormon\u0101lo st\u0101vokli, kr\u016bts dziedzera audi ir \u013coti nedaudz un neatt\u012bst\u012bti. <\/p>\n\n\n\n<p><strong>Da\u017e\u0101du iemeslu d\u0113\u013c v\u012brie\u0161iem var att\u012bst\u012bties palielin\u0101ts kr\u016bts dziedzeris vai tauku daudzums kr\u016bt\u012b \u2013 ginekomastija. <\/strong>Izmai\u0146as var veidoties vien\u0101 vai abos kr\u016bts dziedzeros. \u0160ajos gad\u012bjumos, ja izskats trauc\u0113, rada diskomfortu ir iesp\u0113jams veikt palielin\u0101to audu iz\u0146em\u0161anu un formas korekciju.<br><strong>Svar\u012bgi ir atcer\u0113ties, ka ar\u012b v\u012brie\u0161iem ir kr\u016bts dziedzeris un kr\u016bts audi &#8211; ar\u012b v\u012brie\u0161iem var b\u016bt kr\u016bts audz\u0113ji! <\/strong>\u0160ajos gad\u012bjumos nepiecie\u0161ams veikt audz\u0113ja iz\u0146em\u0161anu un onkolo\u0123isko \u0101rst\u0113\u0161anu. Nepiecie\u0161am\u012bbas gad\u012bjum\u0101 tiek veiktas rekonstrukt\u012bvas oper\u0101cijas.<\/p>\n","protected":false},"excerpt":{"rendered":"<p>Kr\u016bts \u0137irur\u0123ij\u0101 tiek veiktas oper\u0101cijas da\u017e\u0101du kr\u016bts ieg\u016btu un iedzimtu izmai\u0146u un saslim\u0161anu gad\u012bjumos. Iemesli veikt kr\u016bts oper\u0101cijas ir \u013coti da\u017e\u0101di. Kr\u016bts oper\u0101cij\u0101m ir medic\u012bniski&hellip;<\/p>\n","protected":false},"author":1,"featured_media":0,"parent":0,"menu_order":0,"comment_status":"closed","ping_status":"closed","template":"","meta":{"_mi_skip_tracking":false,"footnotes":""},"class_list":["post-199","page","type-page","status-publish","hentry"],"aioseo_notices":[],"yoast_head":"<!-- This site is optimized with the Yoast SEO plugin v27.2 - https:\/\/yoast.com\/product\/yoast-seo-wordpress\/ -->\n<title>Kr\u016bts \u0137irur\u0123ija - Loginas Mikro\u0137irur\u0123ijas un Rehabilit\u0101cijas centrs<\/title>\n<meta name=\"robots\" content=\"index, follow, max-snippet:-1, max-image-preview:large, max-video-preview:-1\" \/>\n<link rel=\"canonical\" href=\"https:\/\/logina.lv\/index.php\/kruts-kirurgija\/\" \/>\n<meta property=\"og:locale\" content=\"lv_LV\" \/>\n<meta property=\"og:type\" content=\"article\" \/>\n<meta property=\"og:title\" content=\"Kr\u016bts \u0137irur\u0123ija - Loginas Mikro\u0137irur\u0123ijas un Rehabilit\u0101cijas centrs\" \/>\n<meta property=\"og:description\" content=\"Kr\u016bts \u0137irur\u0123ij\u0101 tiek veiktas oper\u0101cijas da\u017e\u0101du kr\u016bts ieg\u016btu un iedzimtu izmai\u0146u un saslim\u0161anu gad\u012bjumos. Iemesli veikt kr\u016bts oper\u0101cijas ir \u013coti da\u017e\u0101di. Kr\u016bts oper\u0101cij\u0101m ir medic\u012bniski&hellip;\" \/>\n<meta property=\"og:url\" content=\"https:\/\/logina.lv\/index.php\/kruts-kirurgija\/\" \/>\n<meta property=\"og:site_name\" content=\"Loginas Mikro\u0137irur\u0123ijas un Rehabilit\u0101cijas centrs\" \/>\n<meta property=\"article:modified_time\" content=\"2021-11-15T10:13:06+00:00\" \/>\n<meta name=\"twitter:card\" content=\"summary_large_image\" \/>\n<meta name=\"twitter:site\" content=\"@logina_lv\" \/>\n<meta name=\"twitter:label1\" content=\"Est. reading time\" \/>\n\t<meta name=\"twitter:data1\" content=\"5 min\u016btes\" \/>\n<script type=\"application\/ld+json\" class=\"yoast-schema-graph\">{\"@context\":\"https:\/\/schema.org\",\"@graph\":[{\"@type\":\"WebPage\",\"@id\":\"https:\/\/logina.lv\/index.php\/kruts-kirurgija\/\",\"url\":\"https:\/\/logina.lv\/index.php\/kruts-kirurgija\/\",\"name\":\"Kr\u016bts \u0137irur\u0123ija - Loginas Mikro\u0137irur\u0123ijas un Rehabilit\u0101cijas centrs\",\"isPartOf\":{\"@id\":\"https:\/\/logina.lv\/#website\"},\"datePublished\":\"2021-05-28T08:03:36+00:00\",\"dateModified\":\"2021-11-15T10:13:06+00:00\",\"breadcrumb\":{\"@id\":\"https:\/\/logina.lv\/index.php\/kruts-kirurgija\/#breadcrumb\"},\"inLanguage\":\"lv-LV\",\"potentialAction\":[{\"@type\":\"ReadAction\",\"target\":[\"https:\/\/logina.lv\/index.php\/kruts-kirurgija\/\"]}]},{\"@type\":\"BreadcrumbList\",\"@id\":\"https:\/\/logina.lv\/index.php\/kruts-kirurgija\/#breadcrumb\",\"itemListElement\":[{\"@type\":\"ListItem\",\"position\":1,\"name\":\"Home\",\"item\":\"https:\/\/logina.lv\/\"},{\"@type\":\"ListItem\",\"position\":2,\"name\":\"Kr\u016bts \u0137irur\u0123ija\"}]},{\"@type\":\"WebSite\",\"@id\":\"https:\/\/logina.lv\/#website\",\"url\":\"https:\/\/logina.lv\/\",\"name\":\"Loginas Mikro\u0137irur\u0123ijas un Rehabilit\u0101cijas centrs\",\"description\":\"Uz zin\u0101tniski pier\u0101d\u012bt\u0101m metod\u0113m un pieredzi pamatots risin\u0101jums\",\"publisher\":{\"@id\":\"https:\/\/logina.lv\/#organization\"},\"potentialAction\":[{\"@type\":\"SearchAction\",\"target\":{\"@type\":\"EntryPoint\",\"urlTemplate\":\"https:\/\/logina.lv\/?s={search_term_string}\"},\"query-input\":{\"@type\":\"PropertyValueSpecification\",\"valueRequired\":true,\"valueName\":\"search_term_string\"}}],\"inLanguage\":\"lv-LV\"},{\"@type\":\"Organization\",\"@id\":\"https:\/\/logina.lv\/#organization\",\"name\":\"Loginas Mikro\u0137irur\u0123ijas un Rehabilit\u0101cijas centrs\",\"url\":\"https:\/\/logina.lv\/\",\"logo\":{\"@type\":\"ImageObject\",\"inLanguage\":\"lv-LV\",\"@id\":\"https:\/\/logina.lv\/#\/schema\/logo\/image\/\",\"url\":\"https:\/\/logina.lv\/wp-content\/uploads\/2021\/05\/logosmall-1.png\",\"contentUrl\":\"https:\/\/logina.lv\/wp-content\/uploads\/2021\/05\/logosmall-1.png\",\"width\":109,\"height\":89,\"caption\":\"Loginas Mikro\u0137irur\u0123ijas un Rehabilit\u0101cijas centrs\"},\"image\":{\"@id\":\"https:\/\/logina.lv\/#\/schema\/logo\/image\/\"},\"sameAs\":[\"https:\/\/x.com\/logina_lv\"]}]}<\/script>\n<!-- \/ Yoast SEO plugin. -->","yoast_head_json":{"title":"Kr\u016bts \u0137irur\u0123ija - Loginas Mikro\u0137irur\u0123ijas un Rehabilit\u0101cijas centrs","robots":{"index":"index","follow":"follow","max-snippet":"max-snippet:-1","max-image-preview":"max-image-preview:large","max-video-preview":"max-video-preview:-1"},"canonical":"https:\/\/logina.lv\/index.php\/kruts-kirurgija\/","og_locale":"lv_LV","og_type":"article","og_title":"Kr\u016bts \u0137irur\u0123ija - Loginas Mikro\u0137irur\u0123ijas un Rehabilit\u0101cijas centrs","og_description":"Kr\u016bts \u0137irur\u0123ij\u0101 tiek veiktas oper\u0101cijas da\u017e\u0101du kr\u016bts ieg\u016btu un iedzimtu izmai\u0146u un saslim\u0161anu gad\u012bjumos. Iemesli veikt kr\u016bts oper\u0101cijas ir \u013coti da\u017e\u0101di. Kr\u016bts oper\u0101cij\u0101m ir medic\u012bniski&hellip;","og_url":"https:\/\/logina.lv\/index.php\/kruts-kirurgija\/","og_site_name":"Loginas Mikro\u0137irur\u0123ijas un Rehabilit\u0101cijas centrs","article_modified_time":"2021-11-15T10:13:06+00:00","twitter_card":"summary_large_image","twitter_site":"@logina_lv","twitter_misc":{"Est. reading time":"5 min\u016btes"},"schema":{"@context":"https:\/\/schema.org","@graph":[{"@type":"WebPage","@id":"https:\/\/logina.lv\/index.php\/kruts-kirurgija\/","url":"https:\/\/logina.lv\/index.php\/kruts-kirurgija\/","name":"Kr\u016bts \u0137irur\u0123ija - Loginas Mikro\u0137irur\u0123ijas un Rehabilit\u0101cijas centrs","isPartOf":{"@id":"https:\/\/logina.lv\/#website"},"datePublished":"2021-05-28T08:03:36+00:00","dateModified":"2021-11-15T10:13:06+00:00","breadcrumb":{"@id":"https:\/\/logina.lv\/index.php\/kruts-kirurgija\/#breadcrumb"},"inLanguage":"lv-LV","potentialAction":[{"@type":"ReadAction","target":["https:\/\/logina.lv\/index.php\/kruts-kirurgija\/"]}]},{"@type":"BreadcrumbList","@id":"https:\/\/logina.lv\/index.php\/kruts-kirurgija\/#breadcrumb","itemListElement":[{"@type":"ListItem","position":1,"name":"Home","item":"https:\/\/logina.lv\/"},{"@type":"ListItem","position":2,"name":"Kr\u016bts \u0137irur\u0123ija"}]},{"@type":"WebSite","@id":"https:\/\/logina.lv\/#website","url":"https:\/\/logina.lv\/","name":"Loginas Mikro\u0137irur\u0123ijas un Rehabilit\u0101cijas centrs","description":"Uz zin\u0101tniski pier\u0101d\u012bt\u0101m metod\u0113m un pieredzi pamatots risin\u0101jums","publisher":{"@id":"https:\/\/logina.lv\/#organization"},"potentialAction":[{"@type":"SearchAction","target":{"@type":"EntryPoint","urlTemplate":"https:\/\/logina.lv\/?s={search_term_string}"},"query-input":{"@type":"PropertyValueSpecification","valueRequired":true,"valueName":"search_term_string"}}],"inLanguage":"lv-LV"},{"@type":"Organization","@id":"https:\/\/logina.lv\/#organization","name":"Loginas Mikro\u0137irur\u0123ijas un Rehabilit\u0101cijas centrs","url":"https:\/\/logina.lv\/","logo":{"@type":"ImageObject","inLanguage":"lv-LV","@id":"https:\/\/logina.lv\/#\/schema\/logo\/image\/","url":"https:\/\/logina.lv\/wp-content\/uploads\/2021\/05\/logosmall-1.png","contentUrl":"https:\/\/logina.lv\/wp-content\/uploads\/2021\/05\/logosmall-1.png","width":109,"height":89,"caption":"Loginas Mikro\u0137irur\u0123ijas un Rehabilit\u0101cijas centrs"},"image":{"@id":"https:\/\/logina.lv\/#\/schema\/logo\/image\/"},"sameAs":["https:\/\/x.com\/logina_lv"]}]}},"_links":{"self":[{"href":"https:\/\/logina.lv\/index.php\/wp-json\/wp\/v2\/pages\/199","targetHints":{"allow":["GET"]}}],"collection":[{"href":"https:\/\/logina.lv\/index.php\/wp-json\/wp\/v2\/pages"}],"about":[{"href":"https:\/\/logina.lv\/index.php\/wp-json\/wp\/v2\/types\/page"}],"author":[{"embeddable":true,"href":"https:\/\/logina.lv\/index.php\/wp-json\/wp\/v2\/users\/1"}],"replies":[{"embeddable":true,"href":"https:\/\/logina.lv\/index.php\/wp-json\/wp\/v2\/comments?post=199"}],"version-history":[{"count":6,"href":"https:\/\/logina.lv\/index.php\/wp-json\/wp\/v2\/pages\/199\/revisions"}],"predecessor-version":[{"id":506,"href":"https:\/\/logina.lv\/index.php\/wp-json\/wp\/v2\/pages\/199\/revisions\/506"}],"wp:attachment":[{"href":"https:\/\/logina.lv\/index.php\/wp-json\/wp\/v2\/media?parent=199"}],"curies":[{"name":"wp","href":"https:\/\/api.w.org\/{rel}","templated":true}]}}