{"id":197,"date":"2021-05-28T08:02:48","date_gmt":"2021-05-28T08:02:48","guid":{"rendered":"http:\/\/80.233.182.142\/?page_id=197"},"modified":"2021-11-13T22:15:55","modified_gmt":"2021-11-13T19:15:55","slug":"estetiska-kirurgija","status":"publish","type":"page","link":"https:\/\/logina.lv\/index.php\/estetiska-kirurgija\/","title":{"rendered":"Est\u0113tisk\u0101 \u0137irur\u0123ija"},"content":{"rendered":"\n<p><strong>\u0136erme\u0146a un funkciju kori\u0123\u0113jo\u0161as oper\u0101cijas. <\/strong><\/p>\n\n\n\n<p><strong>Veic \u0137erme\u0146a audu korekcija<\/strong>s oper\u0101cijas uzlabojot vizu\u0101lo t\u0113lu, kas t\u0101d\u0113j\u0101di uzlabot kop\u0113jo pa\u0161saj\u016btu un pa\u0161apzi\u0146u.<\/p>\n\n\n\n<p><\/p>\n\n\n\n<p class=\"has-medium-font-size\"><strong><span class=\"has-inline-color has-vivid-cyan-blue-color\">R\u0113tas<\/span><\/strong><\/p>\n\n\n\n<p><strong>R\u0113ta vai r\u0113taudi ir dz\u012b\u0161anas procesa sast\u0101vda\u013ca<\/strong>, kas v\u0113rojama gan p\u0113c oper\u0101cij\u0101m, gan traumu gad\u012bjumos.<br><strong>R\u0113tas veido\u0161anos ietekm\u0113 daudz faktor<\/strong>i:<\/p>\n\n\n\n<ul class=\"wp-block-list\"><li>Br\u016bces veido\u0161an\u0101s iemesls un meh\u0101nisms<\/li><li>Oper\u0101cijas br\u016bces gad\u012bjum\u0101 \u2013 \u0137irur\u0123isk\u0101 br\u016bces sl\u0113g\u0161anas tehnika<\/li><li>Br\u016bces sl\u0113g\u0161anai izmantotais \u0161uvju veids un materi\u0101li<\/li><li>Br\u016bces dzi\u013cums, izm\u0113ri, audu asins apg\u0101de<\/li><li>Br\u016bces novietojums attiec\u012bb\u0101 pret loc\u012btav\u0101m, virziens attiec\u012bb\u0101 pret zem\u0101d\u0101 atrodo\u0161o musku\u013cu kust\u012bb\u0101m<\/li><li>Dz\u012b\u0161anas apst\u0101k\u013ci<\/li><li>Komplik\u0101cijas dz\u012b\u0161anas un r\u0113tas veido\u0161an\u0101s laik\u0101 (piem\u0113ram, infekcija, izteikta t\u016bska, asi\u0146o\u0161ana u.c.)<\/li><li>\u0100das st\u0101voklis, veids, pigment\u0101cija<\/li><li>Visp\u0101r\u0113jais vesel\u012bbas st\u0101voklis<\/li><li>Blakus saslim\u0161anas (piem\u0113ram, cukura diab\u0113ts, endokr\u012bn\u0101s, saistaudu saslim\u0161anas)<\/li><li>Iedzimti faktori<\/li><li>Etnisk\u0101 pieder\u012bba<\/li><\/ul>\n\n\n\n<p><strong>R\u0113tas piln\u012bga izveido\u0161an\u0101s notiek ilg\u0101k\u0101 laik\u0101. <\/strong>S\u0101kum\u0101 r\u0113ta var b\u016bt s\u0101rta, bl\u012bva, nedaudz piepacelta, bet v\u0113l\u0101k parasti kr\u0101sa paliek b\u0101la, m\u012bksta un gluda. Piln\u012bga r\u0113tas nobrie\u0161ana var norisin\u0101ties l\u012bdz pat gadam. Visb\u016btisk\u0101k\u0101s p\u0101rmai\u0146as notiek pirmajos tr\u012bs m\u0113ne\u0161os \u2013 jau \u0161aj\u0101 laik\u0101 parasti r\u0113ta k\u013c\u016bst b\u0101l\u0101ka un m\u012bkst\u0101ka un maz\u0101k j\u016bt\u012bga. Ja r\u0113tas st\u0101voklis neuzlabojas, tad rekomend\u0113jama speci\u0101lista konsult\u0101cija, lai izv\u0113rt\u0113jot br\u016bces veido\u0161an\u0101s, dz\u012b\u0161anas apst\u0101k\u013cus un r\u0113tas st\u0101vokli, sniegtu rekomend\u0101cijas.<\/p>\n\n\n\n<p>Par problem\u0101tisku r\u0113tu run\u0101 situ\u0101cij\u0101s, ja ilg\u0101ku laiku p\u0113c br\u016bces sadz\u012b\u0161anas r\u0113tas izskats neuzlabojas, r\u0113ta nepaliek m\u012bkst\u0101ka, maz\u0101k paman\u0101m\u0101ka un par\u0101d\u0101s diskomforts, s\u0101pes, kust\u012bbu ierobe\u017eojums, &#8220;str\u0101vas si\u0161anas&#8221; saj\u016bta.<\/p>\n\n\n\n<p><strong>Bie\u017e\u0101kie problem\u0101tisku r\u0113tu veidi:<\/strong><\/p>\n\n\n\n<p><strong>Hipertrofiska r\u0113ta<\/strong> \u2013 s\u0101rta, piepacelta, bl\u012bva r\u0113ta. Var b\u016bt ar\u012b nieze, s\u0101pes.<\/p>\n\n\n\n<p><strong>Kelo\u012bdu r\u0113ta<\/strong> \u2013 l\u012bdz\u012bga hipertrofiskai r\u0113tai, bet r\u0113taudu aug\u0161ana un att\u012bst\u012b\u0161an\u0101s notiek \u0101rpus s\u0101kotn\u0113j\u0101s r\u0113tas robe\u017e\u0101m. Ir zin\u0101mi \u0137erme\u0146a rajoni, kuros ir liel\u0101ks risks veidoties hipertrofisk\u0101m r\u0113t\u0101m un kelo\u012bdiem \u2013 piem\u0113ram, kr\u016b\u0161u kauls, pleci, auss \u013cipi\u0146as.<\/p>\n\n\n\n<p><strong>Kontrakt\u016bras<\/strong> \u2013 r\u0113taudi b\u016btiski ietekm\u0113 kust\u012bbas un \u0101das mobilit\u0101ti. Bie\u017ei rodas p\u0113c pla\u0161\u0101m traum\u0101m vai da\u017e\u0101da veida apdegumiem (\u0137\u012bmiskiem, termiskiem u.c.)<\/p>\n\n\n\n<p><strong>Atrofiska r\u0113ta<\/strong> \u2013 plata, b\u0101la, it k\u0101 iegrimusi r\u0113ta, kas rodas \u201cv\u0101ja\u201d kolag\u0113na rezult\u0101t\u0101.<\/p>\n\n\n\n<p><strong>Strijas <\/strong>\u2013 pieskait\u0101mas pie r\u0113t\u0101m, jo rodas p\u0101rpl\u012bstot saistaudiem bez br\u016bces veido\u0161an\u0101s. Visbie\u017e\u0101k rodas gr\u016btniec\u012bbas vai izteikta svara izmai\u0146u rezult\u0101t\u0101.<\/p>\n\n\n\n<p>Uz apak\u0161stilbiem hronisku asinsrites trauc\u0113jumu rezult\u0101t\u0101 ar\u012b var veidoties izmain\u012btas \u0101das zonas, kas l\u012bdz\u012bgas r\u0113taudiem. Asinsritei pasliktinoties, var veidoties <strong>\u010d\u016blas jeb br\u016bces<\/strong>.<\/p>\n\n\n\n<p>&#8220;<strong>Str\u0101vas si\u0161anas&#8221; saj\u016bta r\u0113tas rajon\u0101 liecina par nerva boj\u0101jumu, vai t\u0101 ier\u0113to\u0161anos r\u0113taudos.<\/strong> Visbie\u017e\u0101k tiek boj\u0101ti s\u012bki ju\u0161anas nervi, kas p\u0113c tam fiks\u0113joties cietos un bl\u012bvos r\u0113taudos, rada s\u0101pes un tirp\u0161anu r\u0113t\u0101. Tom\u0113r gad\u012bjumos, kad v\u0113rojama izteikta tirp\u0161ana un &#8220;str\u0101vas si\u0161anas&#8221; saj\u016bta r\u0113t\u0101 vai blakus r\u0113tai ir j\u0101v\u0113r\u0161as pie mikro\u0137irurga, lai izv\u0113rt\u0113tu, vai nav nerva boj\u0101jums. Vair\u0101k\u0101s \u0137erme\u0146a da\u013c\u0101s nervi atrodas \u013coti tuvu \u0101dai un var tikt boj\u0101ti ar\u012b nelielu traumu rezult\u0101t\u0101. Reiz\u0113m s\u012bko nervu galu boj\u0101juma d\u0113\u013c var b\u016bt trauc\u0113ta ju\u0161ana vai veidoties p\u0101r\u0101k j\u016bt\u012bga vai nej\u016bt\u012bga r\u0113ta.<\/p>\n\n\n\n<p><strong>R\u0113taudu tr\u016bces<\/strong> \u2013 negl\u012btas r\u0113tas var veidoties, ja dzi\u013c\u0101ka m\u012bksto audu boj\u0101juma gad\u012bjum\u0101 tiek boj\u0101ti ar\u012b musku\u013ci, bet tie netiek pareizi sa\u0161\u016bti. Musku\u013ca boj\u0101t\u0101 da\u013ca var turpin\u0101t sarauties un trauc\u0113t br\u016bces dz\u012b\u0161anu un izveidot izvelv\u0113jumu. \u0160ajos gad\u012bjumos j\u0101veic r\u0113tas rev\u012bziju \u2013 musku\u013ca sa\u0161\u016b\u0161anu un tad br\u016bces sl\u0113g\u0161anu pa k\u0101rt\u0101m.<\/p>\n\n\n\n<p>Retos gad\u012bjumos \u0101das audz\u0113ji var rad\u012bt izmai\u0146as, kas l\u012bdzin\u0101s r\u0113tai. Ja gad\u012bjum\u0101 iev\u0113rojiet r\u0113tai l\u012bdz\u012bgas \u0101das izmai\u0146as, bet nesp\u0113jiet rast lo\u0123isku izskaidrojumu, noteikti v\u0113r\u0161aties pie speci\u0101lista.<\/p>\n\n\n\n<p>R\u0113tas sej\u0101, rok\u0101s un vizu\u0101li paman\u0101m\u0101s viet\u0101s tie\u0161i savas atra\u0161an\u0101s vietas d\u0113\u013c ietekm\u0113 kop\u0113jo cilv\u0113ka izskatu un var ietekm\u0113t pa\u0161apzi\u0146u, pa\u0161saj\u016btu.<\/p>\n\n\n\n<p><strong>Nepast\u0101v veids, k\u0101d\u0101 r\u0113tu var piln\u012bgi likvid\u0113t, tom\u0113r plastikas \u0137irur\u0123ijas speci\u0101listi sp\u0113j uzlabot r\u0113tas izskatu<\/strong>. Past\u0101v ne invaz\u012bvas, invaz\u012bvas un \u0137irur\u0123ijas metodes r\u0113taudu mazin\u0101\u0161anai. Konsult\u0101cijas laik\u0101, izv\u0113rt\u0113jot konkr\u0113to r\u0113tas st\u0101vokli un t\u0101s ietekm\u0113jo\u0161os faktorus, tiek sniegtas rekomend\u0101cijas par ieteicamo taktiku. <\/p>\n\n\n\n<p> <strong>Ne \u0137irur\u0123iskas \u0101rst\u0113\u0161anas metodes:<\/strong><\/p>\n\n\n\n<ul class=\"wp-block-list\"><li>Br\u016bces dz\u012b\u0161anas laik\u0101 speci\u0101li p\u0101rs\u0113ji, kas nodro\u0161ina optim\u0101lu vidi un mazina audu kairin\u0101jumu<\/li><li>Mobiliz\u0101cija un mas\u0101\u017ea<\/li><li>Kompresijas terapija<\/li><li>Kortikostero\u012bdu saturo\u0161u kr\u0113mu lieto\u0161ana<\/li><li>Silikonu saturo\u0161u p\u0101rs\u0113ju un gelu lieto\u0161ana<\/li><li>Fizik\u0101l\u0101 terapija<\/li><li>Stero\u012bdu injekcijas vai blok\u0101des r\u0113t\u0101s<\/li><li>\u0136\u012bmiskais p\u012blings<\/li><li>Apstaro\u0161ana vai staru terapija \u2013 \u013coti retos un \u012bpa\u0161i smagos gad\u012bjumos (kelo\u012bdi) <\/li><\/ul>\n\n\n\n<p><strong>\u0136irur\u0123iskas \u0101rst\u0113\u0161anas metodes:<\/strong><\/p>\n\n\n\n<ul class=\"wp-block-list\"><li>Dermabr\u0101zija \u2013 ar speci\u0101lu eletrisku iek\u0101rtu tiek no\u0146emts \u0101das virs\u0113jais sl\u0101nis<\/li><li>L\u0101zera terapija<\/li><li>Eksc\u012bzija vai r\u0113tas iz\u0146em\u0161ana \u2013 r\u0113taudu tiek iz\u0146emti veselo audu robe\u017e\u0101s un p\u0113c tam \u0101da tiek sa\u0161\u016bta vien\u0101 vai vair\u0101k\u0101s k\u0101rt\u0101s ar m\u0113r\u0137i r\u0113tu veidot pl\u0101n\u0101ku un maz\u0101k paman\u0101m\u0101ku<\/li><li>Z vai W un cita plastika \u2013 gad\u012bjumos, kad r\u0113tas krusto loc\u012btavas vai atrodas zon\u0101s ar izteiktu \u0101das iestiepumu, r\u0113tas forma tiek kori\u0123\u0113ta. Bie\u017ei lieto gad\u012bjumos, kad tiek ierobe\u017eots pilnv\u0113rt\u012bgs kust\u012bbu apjoms.<\/li><li>\u0100das tansplant\u0101ts \u2013 \u0101das p\u0101rst\u0101d\u012b\u0161ana no citas vietas. R\u0113to\u0161anos skarto zonu aizst\u0101j ar norm\u0101lu \u0101du no cita \u0137erme\u0146a re\u0123iona. Vietu no kurienes tiek pa\u0146emti audi sauc par donora vietu un to izv\u0113las iesp\u0113jami mask\u0113jot r\u0113tu. \u0100du var \u0146emt piln\u0101 biezum\u0101, bet var izmantot tikai virs\u0113jo zonu.<\/li><li>Par l\u0113veriem sauc audus, kurus izdalot iesp\u0113jams p\u0101rvietot uz nepiecie\u0161amo vietu taj\u0101 pat laik\u0101 saglab\u0101jot labu asinsriti. Ja p\u0101rvietojot audus tiek saglab\u0101ta asinsvadu \u201ck\u0101ji\u0146a\u201d, tos sauc par rot\u0113tiem, bet gad\u012bjumos, kad asinsvadus p\u0101rdala donora viet\u0101 un pievieno citam asinsvadam nepiecie\u0161amaj\u0101 zon\u0101 sauc par br\u012bviem. Ja p\u0113c pla\u0161\u0101kas r\u0113tas zonas iz\u0146em\u0161anas, vai savilkt\u0101s \u0137erme\u0146a da\u013cas vai loc\u012btavas atbr\u012bvo\u0161anas izveidojas defekts, kuru nav iesp\u0113jams sa\u0161\u016bt vai lietot \u0101das transplant\u0101tu, tad sl\u0113g\u0161anai izmanto l\u0113verus. \u0160is r\u0113tu skart\u0101 re\u0123iona kori\u0123\u0113\u0161anas veids ir vissare\u017e\u0123\u012bt\u0101kais un var b\u016bt nepiecie\u0161am\u012bba veikt papildus r\u0113tu korekciju.<\/li><\/ul>\n\n\n\n<p>Oper\u0101cijas var veikt lok\u0101l\u0101, re\u0123ion\u0101l\u0101 vai visp\u0101r\u0113j\u0101 anest\u0113zij\u0101 \u2013 izv\u0113le ir atkar\u012bga no oper\u0101cijas apjoma, vietas, laika un pacienta v\u0113lm\u0113m, izv\u0113rt\u0113jot iesp\u0113jamos riskus un komplik\u0101cijas. Jebkurai \u0137irur\u0123iskai manipul\u0101cijai un oper\u0101cijai past\u0101v riski un iesp\u0113jam\u0101s komplik\u0101cijas \u2013 tas noteikti b\u016btu j\u0101izrun\u0101 konsult\u0101cij\u0101 ar speci\u0101listu. <\/p>\n\n\n\n<p><strong>Visbie\u017e\u0101k\u0101s komplik\u0101cijas:<\/strong><\/p>\n\n\n\n<ul class=\"wp-block-list\"><li>Aler\u0123iska reakcija uz medikamentiem, anest\u0113zijas<\/li><li>Infekcija<\/li><li>Asi\u0146o\u0161ana no br\u016bces<\/li><li>Asins un audu \u0161\u0137idrumu uzkr\u0101\u0161an\u0101s br\u016bces dzi\u013c\u0101kos sl\u0101\u0146os (hematoma, seroma) un var b\u016bt nepiecie\u0161am\u012bba \u0161\u0137idrumu ats\u016bkt vai lietot drenu<\/li><li>Liela t\u016bska un iekaisums, kas var rad\u012bt izteiktas s\u0101pes un iespriegumu br\u016bc\u0113<\/li><li>Aler\u0123iska reakcija uz \u0137irur\u0123iskiem diegiem, p\u0101rsie\u0161anas materi\u0101liem, zied\u0113m<\/li><li>Nepilnv\u0113rt\u012bga uzs\u016bco\u0161\u0101 \u0137irur\u0123isk\u0101 materi\u0101la iz\u0161\u0137\u012b\u0161ana un var b\u016bt nepiecie\u0161am\u012bba dzi\u013c\u0101s \u0161uves iz\u0146emt<\/li><li>Izteikti r\u0113taudi, hipertrofiski vai atrofiski r\u0113taudi ar nepiecie\u0161am\u012bbu veikt \u0101rst\u0113\u0161anos<\/li><li>Oper\u0101cijas rezult\u0101ts nesniedz v\u0113lamo rezult\u0101tu \u2013 r\u0113ta atk\u0101rtoti izveidojas bl\u012bva un cieta un trauc\u0113<\/li><li>Nepiecie\u0161ama papildus oper\u0101cija vai manipul\u0101cija komplik\u0101ciju seku nov\u0113r\u0161anai.<\/li><\/ul>\n\n\n\n<p>Ja tiek pl\u0101nota oper\u0101cija r\u0113tas st\u0101vok\u013ca un izskata uzlabo\u0161anai ir \u013coti svar\u012bgi sagatavoties:<\/p>\n\n\n\n<ul class=\"wp-block-list\"><li>Pirm\u0101s dienas p\u0113c oper\u0101cijas iev\u0113rot miera re\u017e\u012bmu, oper\u0113to \u0137erme\u0146a da\u013cu nepozicion\u0113t uz leju, lai mazin\u0101ti risku att\u012bst\u012bties t\u016bskai \u2013 \u012bpa\u0161i svar\u012bgi, ja oper\u0101cijas br\u016bce ir k\u0101j\u0101s, rok\u0101s.<\/li><li>Ja pirmaj\u0101s p\u0113coper\u0101cijas dien\u0101s par\u0101d\u0101s izteikta t\u016bska un aps\u0101rtums, var b\u016bt nepiecie\u0161am\u012bba lietot pretiekaisuma l\u012bdzek\u013cus vai antibakteri\u0101lus l\u012bdzek\u013cus.<\/li><li>P\u0113coper\u0101cijas laik\u0101 izvair\u012bties no ce\u013co\u0161anas, izteikta karstuma, fiziskas slodzes.<\/li><li>Regul\u0101ri veikt p\u0101rsie\u0161anas un ne\u013caut izveidoties izteikt\u0101m krevel\u012bt\u0113m.<\/li><li>L\u012bdz piln\u012bgai br\u016bces sadz\u012b\u0161anai izvair\u012bties no atk\u0101rtotas mitrin\u0101\u0161anas (piem., neiet pirt\u012b) un net\u012brumu non\u0101k\u0161anai zem p\u0101rs\u0113ja.<\/li><li>P\u0101rsie\u0161an\u0101s lietot \u0101dai \u201cdraudz\u012bgus\u201d \u0161\u0137idrumus un ziedes \u2013 dezinfekcijas l\u012bdzek\u013ci var apdedzin\u0101t br\u016bces malas un pastiprin\u0101t r\u0113to\u0161anos. <\/li><li>Var lietot stabiliz\u0113jo\u0161us vai savelko\u0161us pl\u0101kster\u012b\u0161us, kas ne\u013cauj br\u016bces viet\u0101 \u0101dai kust\u0113ties, t\u0101 paildzinot dz\u012b\u0161anu. Tas ir svar\u012bgi, ja br\u016bce atrodas p\u0101ri loc\u012btavai.<\/li><li>Lab\u0101k r\u0113tas kori\u0123\u0113jo\u0161u oper\u0101ciju veikt laik\u0101 ar zemu UV starojumu, jo p\u0113coper\u0101cijas period\u0101 vismaz l\u012bdz 6m\u0113n ieteicams neatrasties saul\u0113 un neizmantot sol\u0101riju. Saules UV starojums pastiprina pigment\u0101ciju r\u0113t\u0101! Ja tom\u0113r oper\u0101ciju pl\u0101no saules akt\u012bvaj\u0101 laik\u0101, t\u016bl\u012bt p\u0113c br\u016bces sadz\u012b\u0161anas un p\u0101rs\u0113ju no\u0146em\u0161anas var lietot speci\u0101lus pretr\u0113tu pl\u0101ksterus vai saules aizsargkr\u0113mus (vismaz SPF50+). <\/li><\/ul>\n","protected":false},"excerpt":{"rendered":"<p>\u0136erme\u0146a un funkciju kori\u0123\u0113jo\u0161as oper\u0101cijas. Veic \u0137erme\u0146a audu korekcijas oper\u0101cijas uzlabojot vizu\u0101lo t\u0113lu, kas t\u0101d\u0113j\u0101di uzlabot kop\u0113jo pa\u0161saj\u016btu un pa\u0161apzi\u0146u. R\u0113tas R\u0113ta vai r\u0113taudi ir&hellip;<\/p>\n","protected":false},"author":1,"featured_media":0,"parent":0,"menu_order":0,"comment_status":"closed","ping_status":"closed","template":"","meta":{"_mi_skip_tracking":false,"footnotes":""},"class_list":["post-197","page","type-page","status-publish","hentry"],"aioseo_notices":[],"yoast_head":"<!-- This site is optimized with the Yoast SEO plugin v27.2 - https:\/\/yoast.com\/product\/yoast-seo-wordpress\/ -->\n<title>Est\u0113tisk\u0101 \u0137irur\u0123ija - Loginas Mikro\u0137irur\u0123ijas un Rehabilit\u0101cijas centrs<\/title>\n<meta name=\"robots\" content=\"index, follow, max-snippet:-1, max-image-preview:large, max-video-preview:-1\" \/>\n<link rel=\"canonical\" href=\"https:\/\/logina.lv\/index.php\/estetiska-kirurgija\/\" \/>\n<meta property=\"og:locale\" content=\"lv_LV\" \/>\n<meta property=\"og:type\" content=\"article\" \/>\n<meta property=\"og:title\" content=\"Est\u0113tisk\u0101 \u0137irur\u0123ija - Loginas Mikro\u0137irur\u0123ijas un Rehabilit\u0101cijas centrs\" \/>\n<meta property=\"og:description\" content=\"\u0136erme\u0146a un funkciju kori\u0123\u0113jo\u0161as oper\u0101cijas. Veic \u0137erme\u0146a audu korekcijas oper\u0101cijas uzlabojot vizu\u0101lo t\u0113lu, kas t\u0101d\u0113j\u0101di uzlabot kop\u0113jo pa\u0161saj\u016btu un pa\u0161apzi\u0146u. R\u0113tas R\u0113ta vai r\u0113taudi ir&hellip;\" \/>\n<meta property=\"og:url\" content=\"https:\/\/logina.lv\/index.php\/estetiska-kirurgija\/\" \/>\n<meta property=\"og:site_name\" content=\"Loginas Mikro\u0137irur\u0123ijas un Rehabilit\u0101cijas centrs\" \/>\n<meta property=\"article:modified_time\" content=\"2021-11-13T19:15:55+00:00\" \/>\n<meta name=\"twitter:card\" content=\"summary_large_image\" \/>\n<meta name=\"twitter:site\" content=\"@logina_lv\" \/>\n<meta name=\"twitter:label1\" content=\"Est. reading time\" \/>\n\t<meta name=\"twitter:data1\" content=\"5 min\u016btes\" \/>\n<script type=\"application\/ld+json\" class=\"yoast-schema-graph\">{\"@context\":\"https:\/\/schema.org\",\"@graph\":[{\"@type\":\"WebPage\",\"@id\":\"https:\/\/logina.lv\/index.php\/estetiska-kirurgija\/\",\"url\":\"https:\/\/logina.lv\/index.php\/estetiska-kirurgija\/\",\"name\":\"Est\u0113tisk\u0101 \u0137irur\u0123ija - Loginas Mikro\u0137irur\u0123ijas un Rehabilit\u0101cijas centrs\",\"isPartOf\":{\"@id\":\"https:\/\/logina.lv\/#website\"},\"datePublished\":\"2021-05-28T08:02:48+00:00\",\"dateModified\":\"2021-11-13T19:15:55+00:00\",\"breadcrumb\":{\"@id\":\"https:\/\/logina.lv\/index.php\/estetiska-kirurgija\/#breadcrumb\"},\"inLanguage\":\"lv-LV\",\"potentialAction\":[{\"@type\":\"ReadAction\",\"target\":[\"https:\/\/logina.lv\/index.php\/estetiska-kirurgija\/\"]}]},{\"@type\":\"BreadcrumbList\",\"@id\":\"https:\/\/logina.lv\/index.php\/estetiska-kirurgija\/#breadcrumb\",\"itemListElement\":[{\"@type\":\"ListItem\",\"position\":1,\"name\":\"Home\",\"item\":\"https:\/\/logina.lv\/\"},{\"@type\":\"ListItem\",\"position\":2,\"name\":\"Est\u0113tisk\u0101 \u0137irur\u0123ija\"}]},{\"@type\":\"WebSite\",\"@id\":\"https:\/\/logina.lv\/#website\",\"url\":\"https:\/\/logina.lv\/\",\"name\":\"Loginas Mikro\u0137irur\u0123ijas un Rehabilit\u0101cijas centrs\",\"description\":\"Uz zin\u0101tniski pier\u0101d\u012bt\u0101m metod\u0113m un pieredzi pamatots risin\u0101jums\",\"publisher\":{\"@id\":\"https:\/\/logina.lv\/#organization\"},\"potentialAction\":[{\"@type\":\"SearchAction\",\"target\":{\"@type\":\"EntryPoint\",\"urlTemplate\":\"https:\/\/logina.lv\/?s={search_term_string}\"},\"query-input\":{\"@type\":\"PropertyValueSpecification\",\"valueRequired\":true,\"valueName\":\"search_term_string\"}}],\"inLanguage\":\"lv-LV\"},{\"@type\":\"Organization\",\"@id\":\"https:\/\/logina.lv\/#organization\",\"name\":\"Loginas Mikro\u0137irur\u0123ijas un Rehabilit\u0101cijas centrs\",\"url\":\"https:\/\/logina.lv\/\",\"logo\":{\"@type\":\"ImageObject\",\"inLanguage\":\"lv-LV\",\"@id\":\"https:\/\/logina.lv\/#\/schema\/logo\/image\/\",\"url\":\"https:\/\/logina.lv\/wp-content\/uploads\/2021\/05\/logosmall-1.png\",\"contentUrl\":\"https:\/\/logina.lv\/wp-content\/uploads\/2021\/05\/logosmall-1.png\",\"width\":109,\"height\":89,\"caption\":\"Loginas Mikro\u0137irur\u0123ijas un Rehabilit\u0101cijas centrs\"},\"image\":{\"@id\":\"https:\/\/logina.lv\/#\/schema\/logo\/image\/\"},\"sameAs\":[\"https:\/\/x.com\/logina_lv\"]}]}<\/script>\n<!-- \/ Yoast SEO plugin. -->","yoast_head_json":{"title":"Est\u0113tisk\u0101 \u0137irur\u0123ija - Loginas Mikro\u0137irur\u0123ijas un Rehabilit\u0101cijas centrs","robots":{"index":"index","follow":"follow","max-snippet":"max-snippet:-1","max-image-preview":"max-image-preview:large","max-video-preview":"max-video-preview:-1"},"canonical":"https:\/\/logina.lv\/index.php\/estetiska-kirurgija\/","og_locale":"lv_LV","og_type":"article","og_title":"Est\u0113tisk\u0101 \u0137irur\u0123ija - Loginas Mikro\u0137irur\u0123ijas un Rehabilit\u0101cijas centrs","og_description":"\u0136erme\u0146a un funkciju kori\u0123\u0113jo\u0161as oper\u0101cijas. Veic \u0137erme\u0146a audu korekcijas oper\u0101cijas uzlabojot vizu\u0101lo t\u0113lu, kas t\u0101d\u0113j\u0101di uzlabot kop\u0113jo pa\u0161saj\u016btu un pa\u0161apzi\u0146u. R\u0113tas R\u0113ta vai r\u0113taudi ir&hellip;","og_url":"https:\/\/logina.lv\/index.php\/estetiska-kirurgija\/","og_site_name":"Loginas Mikro\u0137irur\u0123ijas un Rehabilit\u0101cijas centrs","article_modified_time":"2021-11-13T19:15:55+00:00","twitter_card":"summary_large_image","twitter_site":"@logina_lv","twitter_misc":{"Est. reading time":"5 min\u016btes"},"schema":{"@context":"https:\/\/schema.org","@graph":[{"@type":"WebPage","@id":"https:\/\/logina.lv\/index.php\/estetiska-kirurgija\/","url":"https:\/\/logina.lv\/index.php\/estetiska-kirurgija\/","name":"Est\u0113tisk\u0101 \u0137irur\u0123ija - Loginas Mikro\u0137irur\u0123ijas un Rehabilit\u0101cijas centrs","isPartOf":{"@id":"https:\/\/logina.lv\/#website"},"datePublished":"2021-05-28T08:02:48+00:00","dateModified":"2021-11-13T19:15:55+00:00","breadcrumb":{"@id":"https:\/\/logina.lv\/index.php\/estetiska-kirurgija\/#breadcrumb"},"inLanguage":"lv-LV","potentialAction":[{"@type":"ReadAction","target":["https:\/\/logina.lv\/index.php\/estetiska-kirurgija\/"]}]},{"@type":"BreadcrumbList","@id":"https:\/\/logina.lv\/index.php\/estetiska-kirurgija\/#breadcrumb","itemListElement":[{"@type":"ListItem","position":1,"name":"Home","item":"https:\/\/logina.lv\/"},{"@type":"ListItem","position":2,"name":"Est\u0113tisk\u0101 \u0137irur\u0123ija"}]},{"@type":"WebSite","@id":"https:\/\/logina.lv\/#website","url":"https:\/\/logina.lv\/","name":"Loginas Mikro\u0137irur\u0123ijas un Rehabilit\u0101cijas centrs","description":"Uz zin\u0101tniski pier\u0101d\u012bt\u0101m metod\u0113m un pieredzi pamatots risin\u0101jums","publisher":{"@id":"https:\/\/logina.lv\/#organization"},"potentialAction":[{"@type":"SearchAction","target":{"@type":"EntryPoint","urlTemplate":"https:\/\/logina.lv\/?s={search_term_string}"},"query-input":{"@type":"PropertyValueSpecification","valueRequired":true,"valueName":"search_term_string"}}],"inLanguage":"lv-LV"},{"@type":"Organization","@id":"https:\/\/logina.lv\/#organization","name":"Loginas Mikro\u0137irur\u0123ijas un Rehabilit\u0101cijas centrs","url":"https:\/\/logina.lv\/","logo":{"@type":"ImageObject","inLanguage":"lv-LV","@id":"https:\/\/logina.lv\/#\/schema\/logo\/image\/","url":"https:\/\/logina.lv\/wp-content\/uploads\/2021\/05\/logosmall-1.png","contentUrl":"https:\/\/logina.lv\/wp-content\/uploads\/2021\/05\/logosmall-1.png","width":109,"height":89,"caption":"Loginas Mikro\u0137irur\u0123ijas un Rehabilit\u0101cijas centrs"},"image":{"@id":"https:\/\/logina.lv\/#\/schema\/logo\/image\/"},"sameAs":["https:\/\/x.com\/logina_lv"]}]}},"_links":{"self":[{"href":"https:\/\/logina.lv\/index.php\/wp-json\/wp\/v2\/pages\/197","targetHints":{"allow":["GET"]}}],"collection":[{"href":"https:\/\/logina.lv\/index.php\/wp-json\/wp\/v2\/pages"}],"about":[{"href":"https:\/\/logina.lv\/index.php\/wp-json\/wp\/v2\/types\/page"}],"author":[{"embeddable":true,"href":"https:\/\/logina.lv\/index.php\/wp-json\/wp\/v2\/users\/1"}],"replies":[{"embeddable":true,"href":"https:\/\/logina.lv\/index.php\/wp-json\/wp\/v2\/comments?post=197"}],"version-history":[{"count":10,"href":"https:\/\/logina.lv\/index.php\/wp-json\/wp\/v2\/pages\/197\/revisions"}],"predecessor-version":[{"id":497,"href":"https:\/\/logina.lv\/index.php\/wp-json\/wp\/v2\/pages\/197\/revisions\/497"}],"wp:attachment":[{"href":"https:\/\/logina.lv\/index.php\/wp-json\/wp\/v2\/media?parent=197"}],"curies":[{"name":"wp","href":"https:\/\/api.w.org\/{rel}","templated":true}]}}