{"id":18,"date":"2021-05-21T21:34:28","date_gmt":"2021-05-21T18:34:28","guid":{"rendered":"http:\/\/80.233.182.142\/?page_id=18"},"modified":"2022-12-05T10:01:40","modified_gmt":"2022-12-05T07:01:40","slug":"kontakti","status":"publish","type":"page","link":"https:\/\/logina.lv\/index.php\/kontakti\/","title":{"rendered":"Kontakti"},"content":{"rendered":"\n<h2 class=\"wp-block-heading\">Loginas Mikro\u0137irur\u0123ijas un Rehabilit\u0101cijas centrs, SIA<\/h2>\n\n\n\n<p><strong>T\u0101lrunis: +371 29117009<br><strong>T\u0101lrunis:<\/strong> +371 67333403<br>Fakss: +371 67293403<br>E-pasts:&nbsp;<a href=\"http:\/\/www.logina.lv\/info@logina.lv\">info@logina.lv<\/a><\/strong><\/p>\n\n\n\n<h4 class=\"wp-block-heading\">Rekviz\u012bti<\/h4>\n\n\n\n<p>Juridisk\u0101 adrese: Juglas iela 10-9, R\u012bga, LV \u2013 1024, Latvija<br>Vienotais re\u0123istr\u0101cijas numurs: 40003846556<br>Pievienot\u0101s v\u0113rt\u012bbas nodok\u013ca maks\u0101t\u0101ja kods: LV40003846556<br>Banka: Swedbank<br>Kods: HABALV22<br>Konts: LV25HABA0551014113746<\/p>\n\n\n\n<p>\u0100rstniec\u012bbas iest\u0101des kods &#8211; 010001934<\/p>\n\n\n\n<p>Specializ\u0113ta \u0101rstniec\u012bbas iest\u0101de &#8211; konsult\u0101cijas, manipul\u0101cijas, \u0137irur\u0123iskas oper\u0101cijas<\/p>\n\n\n\n<p><strong>Galven\u0101 fili\u0101le: R\u012bg\u0101, Br\u012bv\u012bbas iela 85,&nbsp;LV-1001<\/strong>    <a href=\"https:\/\/ul.waze.com\/ul?place=EjlCcsSrdsSrYmFzIGllbGEgODUsIENlbnRyYSByYWpvbnMsIFLEq2dhLCBMVi0xMDAxLCBMYXR2aWEiUBJOCjQKMgnl4jDqys_uRhGYh2fGvcfV2xoeCxDuwe6hARoUChIJW9hI6srP7kYRQIuNf9DPABwMEFUqFAoSCWe4abLKz-5GEW9ZyE-mG_t3&amp;ll=56.96072330%2C24.13096420&amp;navigate=yes&amp;utm_campaign=waze_website&amp;utm_source=waze_website&amp;utm_medium=lm_share_location\" target=\"_blank\" rel=\"noreferrer noopener\"><strong><mark style=\"background-color:rgba(0, 0, 0, 0)\" class=\"has-inline-color has-luminous-vivid-orange-color\">Ce\u013c\u0101 ar Waze<\/mark><\/strong><\/a><\/p>\n\n\n\n<iframe src=\"https:\/\/www.google.com\/maps\/embed?pb=!1m18!1m12!1m3!1d2175.305111565807!2d24.12879811608239!3d56.96070590565166!2m3!1f0!2f0!3f0!3m2!1i1024!2i768!4f13.1!3m3!1m2!1s0x46eecfcafaba0b5f%3A0x4d13aba102e0146d!2zQnLEq3bEq2JhcyBpZWxhIDg1LCBDZW50cmEgcmFqb25zLCBSxKtnYSwgTFYtMTAwMQ!5e0!3m2!1sen!2slv!4v1622449488471!5m2!1sen!2slv\" style=\"border:0;\" allowfullscreen=\"\" loading=\"lazy\" width=\"600\" height=\"450\"><\/iframe>\n\n\n\n<p><strong>Siguldas&nbsp;fili\u0101le:&nbsp;Siguld\u0101, Lakst\u012bgalas iela 13,&nbsp;LV-2150<\/strong>  <strong> <a href=\"https:\/\/ul.waze.com\/ul?place=EkFMYWtzdMSrZ2FsYXMgaWVsYSAxMywgU2lndWxkYSwgU2lndWxkYXMgcGlsc8STdGEsIExWLTIxNTAsIExhdHZpYSJQEk4KNAoyCQnEZnvLT-lGEWsyEWqkDNyNGh4LEO7B7qEBGhQKEgnp0Q5f10_pRhHwp41_0M8AHAwQDSoUChIJNVq4cMxP6UYROsfcNbpX7eo&amp;ll=57.15670860%2C24.84435570&amp;navigate=yes&amp;utm_campaign=waze_website&amp;utm_source=waze_website&amp;utm_medium=lm_share_location\" target=\"_blank\" rel=\"noreferrer noopener\"><mark style=\"background-color:rgba(0, 0, 0, 0)\" class=\"has-inline-color has-luminous-vivid-orange-color\">Ce\u013c\u0101 ar Waze<\/mark><\/a><\/strong><\/p>\n\n\n\n<iframe src=\"https:\/\/www.google.com\/maps\/embed?pb=!1m18!1m12!1m3!1d2163.88844668117!2d24.84278971608822!3d57.156063590359906!2m3!1f0!2f0!3f0!3m2!1i1024!2i768!4f13.1!3m3!1m2!1s0x46e94fcb7783f279%3A0x642f8bef66254eeb!2sLakst%C4%ABgalas%20iela%2013%2C%20Sigulda%2C%20Siguldas%20pils%C4%93ta%2C%20LV-2150!5e0!3m2!1sen!2slv!4v1622449789317!5m2!1sen!2slv\" style=\"border:0;\" allowfullscreen=\"\" loading=\"lazy\" width=\"600\" height=\"450\"><\/iframe>\n\n\n\n<p><strong>Saldus fili\u0101le: Saldus, Slimn\u012bcas iela 3,&nbsp;LV-3801<\/strong>     <mark style=\"background-color:rgba(0, 0, 0, 0)\" class=\"has-inline-color has-luminous-vivid-orange-color\"><a href=\"https:\/\/ul.waze.com\/ul?preview_venue_id=14746167.147396131.7775160&amp;navigate=yes&amp;utm_campaign=default&amp;utm_source=waze_website&amp;utm_medium=lm_share_location\" target=\"_blank\" rel=\"noreferrer noopener\"><strong>Ce\u013c\u0101 ar Waze<\/strong><\/a><\/mark><\/p>\n\n\n\n<iframe src=\"https:\/\/www.google.com\/maps\/embed?pb=!1m18!1m12!1m3!1d2192.1527311948234!2d22.48917331600881!3d56.671621128219314!2m3!1f0!2f0!3f0!3m2!1i1024!2i768!4f13.1!3m3!1m2!1s0x46ef98145ea8e58d%3A0x1c4824bae4f81090!2sSlimn%C4%ABcas%20iela%203%2C%20Saldus%2C%20Saldus%20pils%C4%93ta%2C%20LV-3801!5e0!3m2!1slv!2slv!4v1669896486370!5m2!1slv!2slv\" style=\"border:0;\" allowfullscreen=\"\" loading=\"lazy\" referrerpolicy=\"no-referrer-when-downgrade\" width=\"600\" height=\"450\"><\/iframe>\n\n\n\n<p><strong>Liep\u0101jas fili\u0101le: Liep\u0101j\u0101, Br\u012bv\u012bbas iela 95,&nbsp;LV-3401<\/strong>     <a href=\"https:\/\/ul.waze.com\/ul?place=Ei1CcsSrdsSrYmFzIGllbGEgOTUsIExpZXDEgWphLCBMVi0zNDAxLCBMYXR2aWEiUBJOCjQKMglZcPbqL6b6RhG4HqhXsdeLvxoeCxDuwe6hARoUChIJK_B0-xmm-kYR4FyNf9DPABwMEF8qFAoSCSfXR26BqPpGET5DUMRHZPnp&amp;ll=56.52491240%2C21.02792870&amp;navigate=yes&amp;utm_campaign=waze_website&amp;utm_source=waze_website&amp;utm_medium=lm_share_location\" target=\"_blank\" rel=\"noreferrer noopener\"><strong><mark style=\"background-color:rgba(0, 0, 0, 0)\" class=\"has-inline-color has-luminous-vivid-orange-color\">Ce\u013c\u0101 ar Waze<\/mark><\/strong><\/a><\/p>\n\n\n\n<iframe src=\"https:\/\/www.google.com\/maps\/embed?pb=!1m18!1m12!1m3!1d2200.7393059469437!2d21.023200216069206!3d56.52391673972169!2m3!1f0!2f0!3f0!3m2!1i1024!2i768!4f13.1!3m3!1m2!1s0x46faa630007b399f%3A0x97fefb3675f00a17!2zQnLEq3bEq2JhcyBpZWxhIDk1LCBMaWVwxIFqYSwgTFYtMzQwMQ!5e0!3m2!1sen!2slv!4v1622449852796!5m2!1sen!2slv\" style=\"border:0;\" allowfullscreen=\"\" loading=\"lazy\" width=\"600\" height=\"450\"><\/iframe>\n\n\n\n<ul class=\"wp-block-list\">\n<li><\/li>\n<\/ul>\n\n\n\n<p><\/p>\n\n\n\n<h2 class=\"wp-block-heading\"><strong>Jaut\u0101jiet mums<\/strong><\/h2>\n\n\n<div class=\"wpforms-container wpforms-container-full wpforms-block\" id=\"wpforms-87\"><form id=\"wpforms-form-87\" class=\"wpforms-validate wpforms-form wpforms-ajax-form\" data-formid=\"87\" method=\"post\" enctype=\"multipart\/form-data\" action=\"\/index.php\/wp-json\/wp\/v2\/pages\/18\" data-token=\"8a36df9fda6f83b4f91ea67b46cbddc9\" data-token-time=\"1775652548\"><noscript class=\"wpforms-error-noscript\">Please enable JavaScript in your browser to complete this form.<\/noscript><div class=\"wpforms-field-container\"><div id=\"wpforms-87-field_1-container\" class=\"wpforms-field wpforms-field-name\" data-field-id=\"1\"><label class=\"wpforms-field-label\" for=\"wpforms-87-field_1\">V\u0101rds, Uzv\u0101rds <span class=\"wpforms-required-label\">*<\/span><\/label><div class=\"wpforms-field-row wpforms-field-medium\"><div class=\"wpforms-field-row-block wpforms-first wpforms-one-half\"><input type=\"text\" id=\"wpforms-87-field_1\" class=\"wpforms-field-name-first wpforms-field-required\" name=\"wpforms[fields][1][first]\" placeholder=\"v\u0101rds\" required><label for=\"wpforms-87-field_1\" class=\"wpforms-field-sublabel after wpforms-sublabel-hide\">First<\/label><\/div><div class=\"wpforms-field-row-block wpforms-one-half\"><input type=\"text\" id=\"wpforms-87-field_1-last\" class=\"wpforms-field-name-last wpforms-field-required\" name=\"wpforms[fields][1][last]\" placeholder=\"uzv\u0101rds\" required><label for=\"wpforms-87-field_1-last\" class=\"wpforms-field-sublabel after wpforms-sublabel-hide\">Last<\/label><\/div><\/div><\/div><div id=\"wpforms-87-field_2-container\" class=\"wpforms-field wpforms-field-number\" data-field-id=\"2\"><label class=\"wpforms-field-label\" for=\"wpforms-87-field_2\">T\u0101lrunis <span class=\"wpforms-required-label\">*<\/span><\/label><input type=\"number\" id=\"wpforms-87-field_2\" class=\"wpforms-field-medium wpforms-field-required\" name=\"wpforms[fields][2]\" step=\"any\" required><\/div><div id=\"wpforms-87-field_3-container\" class=\"wpforms-field wpforms-field-email\" data-field-id=\"3\"><label class=\"wpforms-field-label\" for=\"wpforms-87-field_3\">E-pasts <span class=\"wpforms-required-label\">*<\/span><\/label><input type=\"email\" id=\"wpforms-87-field_3\" class=\"wpforms-field-medium wpforms-field-required\" name=\"wpforms[fields][3]\" spellcheck=\"false\" required><\/div><div id=\"wpforms-87-field_5-container\" class=\"wpforms-field wpforms-field-textarea\" data-field-id=\"5\"><label class=\"wpforms-field-label\" for=\"wpforms-87-field_5\">Jaut\u0101jums <span class=\"wpforms-required-label\">*<\/span><\/label><textarea id=\"wpforms-87-field_5\" class=\"wpforms-field-medium wpforms-field-required\" name=\"wpforms[fields][5]\" required><\/textarea><\/div><\/div><!-- .wpforms-field-container --><div class=\"wpforms-recaptcha-container wpforms-is-hcaptcha\" ><div class=\"h-captcha\" data-sitekey=\"9e7d63c8-65e3-4442-8735-af0b0f0b69e6\"><\/div><input type=\"text\" name=\"g-recaptcha-hidden\" class=\"wpforms-recaptcha-hidden\" style=\"position:absolute!important;clip:rect(0,0,0,0)!important;height:1px!important;width:1px!important;border:0!important;overflow:hidden!important;padding:0!important;margin:0!important;\" data-rule-hcaptcha=\"1\"><\/div><div class=\"wpforms-submit-container\" ><input type=\"hidden\" name=\"wpforms[id]\" value=\"87\"><input type=\"hidden\" name=\"page_title\" value=\"\"><input type=\"hidden\" name=\"page_url\" value=\"https:\/\/logina.lv\/index.php\/wp-json\/wp\/v2\/pages\/18\"><input type=\"hidden\" name=\"url_referer\" value=\"\"><button type=\"submit\" name=\"wpforms[submit]\" id=\"wpforms-submit-87\" class=\"wpforms-submit\" data-alt-text=\"S\u016btam jaut\u0101jumu...\" data-submit-text=\"Nos\u016bt\u012bt\" aria-live=\"assertive\" value=\"wpforms-submit\">Nos\u016bt\u012bt<\/button><img loading=\"lazy\" decoding=\"async\" src=\"https:\/\/logina.lv\/wp-content\/plugins\/wpforms-lite\/assets\/images\/submit-spin.svg\" class=\"wpforms-submit-spinner\" style=\"display: none;\" width=\"26\" height=\"26\" alt=\"Loading\"><\/div><\/form><\/div>  <!-- .wpforms-container -->\n\n\n<p><\/p>\n","protected":false},"excerpt":{"rendered":"<p>Loginas Mikro\u0137irur\u0123ijas un Rehabilit\u0101cijas centrs, SIA T\u0101lrunis: +371 29117009T\u0101lrunis: +371 67333403Fakss: +371 67293403E-pasts:&nbsp;info@logina.lv Rekviz\u012bti Juridisk\u0101 adrese: Juglas iela 10-9, R\u012bga, LV \u2013 1024, LatvijaVienotais re\u0123istr\u0101cijas&hellip;<\/p>\n","protected":false},"author":1,"featured_media":0,"parent":0,"menu_order":60,"comment_status":"closed","ping_status":"closed","template":"","meta":{"_mi_skip_tracking":false,"footnotes":""},"class_list":["post-18","page","type-page","status-publish","hentry"],"aioseo_notices":[],"yoast_head":"<!-- This site is optimized with the Yoast SEO plugin v27.2 - https:\/\/yoast.com\/product\/yoast-seo-wordpress\/ -->\n<title>Kontakti - Loginas Mikro\u0137irur\u0123ijas un Rehabilit\u0101cijas centrs<\/title>\n<meta name=\"robots\" content=\"index, follow, max-snippet:-1, max-image-preview:large, max-video-preview:-1\" \/>\n<link rel=\"canonical\" href=\"https:\/\/logina.lv\/index.php\/kontakti\/\" \/>\n<meta property=\"og:locale\" content=\"lv_LV\" \/>\n<meta property=\"og:type\" content=\"article\" \/>\n<meta property=\"og:title\" content=\"Kontakti - Loginas Mikro\u0137irur\u0123ijas un Rehabilit\u0101cijas centrs\" \/>\n<meta property=\"og:description\" content=\"Loginas Mikro\u0137irur\u0123ijas un Rehabilit\u0101cijas centrs, SIA T\u0101lrunis: +371 29117009T\u0101lrunis: +371 67333403Fakss: +371 67293403E-pasts:&nbsp;info@logina.lv Rekviz\u012bti Juridisk\u0101 adrese: Juglas iela 10-9, R\u012bga, LV \u2013 1024, LatvijaVienotais re\u0123istr\u0101cijas&hellip;\" \/>\n<meta property=\"og:url\" content=\"https:\/\/logina.lv\/index.php\/kontakti\/\" \/>\n<meta property=\"og:site_name\" content=\"Loginas Mikro\u0137irur\u0123ijas un Rehabilit\u0101cijas centrs\" \/>\n<meta property=\"article:modified_time\" content=\"2022-12-05T07:01:40+00:00\" \/>\n<meta name=\"twitter:card\" content=\"summary_large_image\" \/>\n<meta name=\"twitter:site\" content=\"@logina_lv\" \/>\n<meta name=\"twitter:label1\" content=\"Est. reading time\" \/>\n\t<meta name=\"twitter:data1\" content=\"1 min\u016bte\" \/>\n<script type=\"application\/ld+json\" class=\"yoast-schema-graph\">{\"@context\":\"https:\/\/schema.org\",\"@graph\":[{\"@type\":\"WebPage\",\"@id\":\"https:\/\/logina.lv\/index.php\/kontakti\/\",\"url\":\"https:\/\/logina.lv\/index.php\/kontakti\/\",\"name\":\"Kontakti - Loginas Mikro\u0137irur\u0123ijas un Rehabilit\u0101cijas centrs\",\"isPartOf\":{\"@id\":\"https:\/\/logina.lv\/#website\"},\"datePublished\":\"2021-05-21T18:34:28+00:00\",\"dateModified\":\"2022-12-05T07:01:40+00:00\",\"breadcrumb\":{\"@id\":\"https:\/\/logina.lv\/index.php\/kontakti\/#breadcrumb\"},\"inLanguage\":\"lv-LV\",\"potentialAction\":[{\"@type\":\"ReadAction\",\"target\":[\"https:\/\/logina.lv\/index.php\/kontakti\/\"]}]},{\"@type\":\"BreadcrumbList\",\"@id\":\"https:\/\/logina.lv\/index.php\/kontakti\/#breadcrumb\",\"itemListElement\":[{\"@type\":\"ListItem\",\"position\":1,\"name\":\"Home\",\"item\":\"https:\/\/logina.lv\/\"},{\"@type\":\"ListItem\",\"position\":2,\"name\":\"Kontakti\"}]},{\"@type\":\"WebSite\",\"@id\":\"https:\/\/logina.lv\/#website\",\"url\":\"https:\/\/logina.lv\/\",\"name\":\"Loginas Mikro\u0137irur\u0123ijas un Rehabilit\u0101cijas centrs\",\"description\":\"Uz zin\u0101tniski pier\u0101d\u012bt\u0101m metod\u0113m un pieredzi pamatots risin\u0101jums\",\"publisher\":{\"@id\":\"https:\/\/logina.lv\/#organization\"},\"potentialAction\":[{\"@type\":\"SearchAction\",\"target\":{\"@type\":\"EntryPoint\",\"urlTemplate\":\"https:\/\/logina.lv\/?s={search_term_string}\"},\"query-input\":{\"@type\":\"PropertyValueSpecification\",\"valueRequired\":true,\"valueName\":\"search_term_string\"}}],\"inLanguage\":\"lv-LV\"},{\"@type\":\"Organization\",\"@id\":\"https:\/\/logina.lv\/#organization\",\"name\":\"Loginas Mikro\u0137irur\u0123ijas un Rehabilit\u0101cijas centrs\",\"url\":\"https:\/\/logina.lv\/\",\"logo\":{\"@type\":\"ImageObject\",\"inLanguage\":\"lv-LV\",\"@id\":\"https:\/\/logina.lv\/#\/schema\/logo\/image\/\",\"url\":\"https:\/\/logina.lv\/wp-content\/uploads\/2021\/05\/logosmall-1.png\",\"contentUrl\":\"https:\/\/logina.lv\/wp-content\/uploads\/2021\/05\/logosmall-1.png\",\"width\":109,\"height\":89,\"caption\":\"Loginas Mikro\u0137irur\u0123ijas un Rehabilit\u0101cijas centrs\"},\"image\":{\"@id\":\"https:\/\/logina.lv\/#\/schema\/logo\/image\/\"},\"sameAs\":[\"https:\/\/x.com\/logina_lv\"]}]}<\/script>\n<!-- \/ Yoast SEO plugin. -->","yoast_head_json":{"title":"Kontakti - Loginas Mikro\u0137irur\u0123ijas un Rehabilit\u0101cijas centrs","robots":{"index":"index","follow":"follow","max-snippet":"max-snippet:-1","max-image-preview":"max-image-preview:large","max-video-preview":"max-video-preview:-1"},"canonical":"https:\/\/logina.lv\/index.php\/kontakti\/","og_locale":"lv_LV","og_type":"article","og_title":"Kontakti - Loginas Mikro\u0137irur\u0123ijas un Rehabilit\u0101cijas centrs","og_description":"Loginas Mikro\u0137irur\u0123ijas un Rehabilit\u0101cijas centrs, SIA T\u0101lrunis: +371 29117009T\u0101lrunis: +371 67333403Fakss: +371 67293403E-pasts:&nbsp;info@logina.lv Rekviz\u012bti Juridisk\u0101 adrese: Juglas iela 10-9, R\u012bga, LV \u2013 1024, LatvijaVienotais re\u0123istr\u0101cijas&hellip;","og_url":"https:\/\/logina.lv\/index.php\/kontakti\/","og_site_name":"Loginas Mikro\u0137irur\u0123ijas un Rehabilit\u0101cijas centrs","article_modified_time":"2022-12-05T07:01:40+00:00","twitter_card":"summary_large_image","twitter_site":"@logina_lv","twitter_misc":{"Est. reading time":"1 min\u016bte"},"schema":{"@context":"https:\/\/schema.org","@graph":[{"@type":"WebPage","@id":"https:\/\/logina.lv\/index.php\/kontakti\/","url":"https:\/\/logina.lv\/index.php\/kontakti\/","name":"Kontakti - Loginas Mikro\u0137irur\u0123ijas un Rehabilit\u0101cijas centrs","isPartOf":{"@id":"https:\/\/logina.lv\/#website"},"datePublished":"2021-05-21T18:34:28+00:00","dateModified":"2022-12-05T07:01:40+00:00","breadcrumb":{"@id":"https:\/\/logina.lv\/index.php\/kontakti\/#breadcrumb"},"inLanguage":"lv-LV","potentialAction":[{"@type":"ReadAction","target":["https:\/\/logina.lv\/index.php\/kontakti\/"]}]},{"@type":"BreadcrumbList","@id":"https:\/\/logina.lv\/index.php\/kontakti\/#breadcrumb","itemListElement":[{"@type":"ListItem","position":1,"name":"Home","item":"https:\/\/logina.lv\/"},{"@type":"ListItem","position":2,"name":"Kontakti"}]},{"@type":"WebSite","@id":"https:\/\/logina.lv\/#website","url":"https:\/\/logina.lv\/","name":"Loginas Mikro\u0137irur\u0123ijas un Rehabilit\u0101cijas centrs","description":"Uz zin\u0101tniski pier\u0101d\u012bt\u0101m metod\u0113m un pieredzi pamatots risin\u0101jums","publisher":{"@id":"https:\/\/logina.lv\/#organization"},"potentialAction":[{"@type":"SearchAction","target":{"@type":"EntryPoint","urlTemplate":"https:\/\/logina.lv\/?s={search_term_string}"},"query-input":{"@type":"PropertyValueSpecification","valueRequired":true,"valueName":"search_term_string"}}],"inLanguage":"lv-LV"},{"@type":"Organization","@id":"https:\/\/logina.lv\/#organization","name":"Loginas Mikro\u0137irur\u0123ijas un Rehabilit\u0101cijas centrs","url":"https:\/\/logina.lv\/","logo":{"@type":"ImageObject","inLanguage":"lv-LV","@id":"https:\/\/logina.lv\/#\/schema\/logo\/image\/","url":"https:\/\/logina.lv\/wp-content\/uploads\/2021\/05\/logosmall-1.png","contentUrl":"https:\/\/logina.lv\/wp-content\/uploads\/2021\/05\/logosmall-1.png","width":109,"height":89,"caption":"Loginas Mikro\u0137irur\u0123ijas un Rehabilit\u0101cijas centrs"},"image":{"@id":"https:\/\/logina.lv\/#\/schema\/logo\/image\/"},"sameAs":["https:\/\/x.com\/logina_lv"]}]}},"_links":{"self":[{"href":"https:\/\/logina.lv\/index.php\/wp-json\/wp\/v2\/pages\/18","targetHints":{"allow":["GET"]}}],"collection":[{"href":"https:\/\/logina.lv\/index.php\/wp-json\/wp\/v2\/pages"}],"about":[{"href":"https:\/\/logina.lv\/index.php\/wp-json\/wp\/v2\/types\/page"}],"author":[{"embeddable":true,"href":"https:\/\/logina.lv\/index.php\/wp-json\/wp\/v2\/users\/1"}],"replies":[{"embeddable":true,"href":"https:\/\/logina.lv\/index.php\/wp-json\/wp\/v2\/comments?post=18"}],"version-history":[{"count":35,"href":"https:\/\/logina.lv\/index.php\/wp-json\/wp\/v2\/pages\/18\/revisions"}],"predecessor-version":[{"id":1383,"href":"https:\/\/logina.lv\/index.php\/wp-json\/wp\/v2\/pages\/18\/revisions\/1383"}],"wp:attachment":[{"href":"https:\/\/logina.lv\/index.php\/wp-json\/wp\/v2\/media?parent=18"}],"curies":[{"name":"wp","href":"https:\/\/api.w.org\/{rel}","templated":true}]}}