{"id":1379,"date":"2022-12-02T14:38:11","date_gmt":"2022-12-02T11:38:11","guid":{"rendered":"https:\/\/logina.lv\/?page_id=1379"},"modified":"2022-12-05T10:01:55","modified_gmt":"2022-12-05T07:01:55","slug":"musu-partneri","status":"publish","type":"page","link":"https:\/\/logina.lv\/index.php\/musu-partneri\/","title":{"rendered":"M\u016bsu partneri"},"content":{"rendered":"\n<p>Siguldas slimn\u012bca<\/p>\n\n\n\n<p>VCA Liep\u0101jas medic\u012bnas centrs<\/p>\n\n\n\n<p>Saldus medic\u012bnas centrs<\/p>\n\n\n\n<p>Valsts soci\u0101l\u0101s apdro\u0161in\u0101\u0161anas a\u0123ent\u016bra<\/p>\n\n\n\n<p>Iek\u0161lietu ministrijas vesel\u012bbas un sporta centrs<\/p>\n\n\n\n<p>Nacion\u0101lie bru\u0146otie sp\u0113ki<\/p>\n\n\n\n<p>IF P&amp;C Insurance AS Latvijas fili\u0101le<\/p>\n\n\n\n<p>Compensa Vienna Insurance Group ADB Latvijas fili\u0101le \/ Seesam vesel\u012bbas apdro\u0161in\u0101\u0161ana<\/p>\n\n\n\n<p>Compensa Life Vienna Insurance Group SE Latvijas fili\u0101le<\/p>\n\n\n\n<p>U.C. liel\u0101k\u0101s apdro\u0161in\u0101\u0161anas sabiedr\u012bbas<\/p>\n\n\n\n<p>DATAMED &#8211; medic\u012bnisk\u0101s diagnostikas inform\u0101cijas sist\u0113ma<\/p>\n\n\n\n<p>E-vesel\u012bbas sist\u0113ma &#8211; vienot\u0101s vesel\u012bbas nozares elektronisk\u0101s inform\u0101cijas sist\u0113ma<\/p>\n","protected":false},"excerpt":{"rendered":"<p>Siguldas slimn\u012bca VCA Liep\u0101jas medic\u012bnas centrs Saldus medic\u012bnas centrs Valsts soci\u0101l\u0101s apdro\u0161in\u0101\u0161anas a\u0123ent\u016bra Iek\u0161lietu ministrijas vesel\u012bbas un sporta centrs Nacion\u0101lie bru\u0146otie sp\u0113ki IF P&amp;C Insurance&hellip;<\/p>\n","protected":false},"author":1,"featured_media":0,"parent":0,"menu_order":70,"comment_status":"closed","ping_status":"closed","template":"","meta":{"_mi_skip_tracking":false,"footnotes":""},"class_list":["post-1379","page","type-page","status-publish","hentry"],"aioseo_notices":[],"yoast_head":"<!-- This site is optimized with the Yoast SEO plugin v27.2 - https:\/\/yoast.com\/product\/yoast-seo-wordpress\/ -->\n<title>M\u016bsu partneri - Loginas Mikro\u0137irur\u0123ijas un Rehabilit\u0101cijas centrs<\/title>\n<meta name=\"description\" content=\"M\u016bsu partneri\" \/>\n<meta name=\"robots\" content=\"index, follow, max-snippet:-1, max-image-preview:large, max-video-preview:-1\" \/>\n<link rel=\"canonical\" href=\"https:\/\/logina.lv\/index.php\/musu-partneri\/\" \/>\n<meta property=\"og:locale\" content=\"lv_LV\" \/>\n<meta property=\"og:type\" content=\"article\" \/>\n<meta property=\"og:title\" content=\"M\u016bsu partneri - Loginas Mikro\u0137irur\u0123ijas un Rehabilit\u0101cijas centrs\" \/>\n<meta property=\"og:description\" content=\"M\u016bsu partneri\" \/>\n<meta property=\"og:url\" content=\"https:\/\/logina.lv\/index.php\/musu-partneri\/\" \/>\n<meta property=\"og:site_name\" content=\"Loginas Mikro\u0137irur\u0123ijas un Rehabilit\u0101cijas centrs\" \/>\n<meta property=\"article:modified_time\" content=\"2022-12-05T07:01:55+00:00\" \/>\n<meta name=\"twitter:card\" content=\"summary_large_image\" \/>\n<meta name=\"twitter:site\" content=\"@logina_lv\" \/>\n<meta name=\"twitter:label1\" content=\"Est. reading time\" \/>\n\t<meta name=\"twitter:data1\" content=\"1 min\u016bte\" \/>\n<script type=\"application\/ld+json\" class=\"yoast-schema-graph\">{\"@context\":\"https:\/\/schema.org\",\"@graph\":[{\"@type\":\"WebPage\",\"@id\":\"https:\/\/logina.lv\/index.php\/musu-partneri\/\",\"url\":\"https:\/\/logina.lv\/index.php\/musu-partneri\/\",\"name\":\"M\u016bsu partneri - Loginas Mikro\u0137irur\u0123ijas un Rehabilit\u0101cijas centrs\",\"isPartOf\":{\"@id\":\"https:\/\/logina.lv\/#website\"},\"datePublished\":\"2022-12-02T11:38:11+00:00\",\"dateModified\":\"2022-12-05T07:01:55+00:00\",\"description\":\"M\u016bsu partneri\",\"breadcrumb\":{\"@id\":\"https:\/\/logina.lv\/index.php\/musu-partneri\/#breadcrumb\"},\"inLanguage\":\"lv-LV\",\"potentialAction\":[{\"@type\":\"ReadAction\",\"target\":[\"https:\/\/logina.lv\/index.php\/musu-partneri\/\"]}]},{\"@type\":\"BreadcrumbList\",\"@id\":\"https:\/\/logina.lv\/index.php\/musu-partneri\/#breadcrumb\",\"itemListElement\":[{\"@type\":\"ListItem\",\"position\":1,\"name\":\"Home\",\"item\":\"https:\/\/logina.lv\/\"},{\"@type\":\"ListItem\",\"position\":2,\"name\":\"M\u016bsu partneri\"}]},{\"@type\":\"WebSite\",\"@id\":\"https:\/\/logina.lv\/#website\",\"url\":\"https:\/\/logina.lv\/\",\"name\":\"Loginas Mikro\u0137irur\u0123ijas un Rehabilit\u0101cijas centrs\",\"description\":\"Uz zin\u0101tniski pier\u0101d\u012bt\u0101m metod\u0113m un pieredzi pamatots risin\u0101jums\",\"publisher\":{\"@id\":\"https:\/\/logina.lv\/#organization\"},\"potentialAction\":[{\"@type\":\"SearchAction\",\"target\":{\"@type\":\"EntryPoint\",\"urlTemplate\":\"https:\/\/logina.lv\/?s={search_term_string}\"},\"query-input\":{\"@type\":\"PropertyValueSpecification\",\"valueRequired\":true,\"valueName\":\"search_term_string\"}}],\"inLanguage\":\"lv-LV\"},{\"@type\":\"Organization\",\"@id\":\"https:\/\/logina.lv\/#organization\",\"name\":\"Loginas Mikro\u0137irur\u0123ijas un Rehabilit\u0101cijas centrs\",\"url\":\"https:\/\/logina.lv\/\",\"logo\":{\"@type\":\"ImageObject\",\"inLanguage\":\"lv-LV\",\"@id\":\"https:\/\/logina.lv\/#\/schema\/logo\/image\/\",\"url\":\"https:\/\/logina.lv\/wp-content\/uploads\/2021\/05\/logosmall-1.png\",\"contentUrl\":\"https:\/\/logina.lv\/wp-content\/uploads\/2021\/05\/logosmall-1.png\",\"width\":109,\"height\":89,\"caption\":\"Loginas Mikro\u0137irur\u0123ijas un Rehabilit\u0101cijas centrs\"},\"image\":{\"@id\":\"https:\/\/logina.lv\/#\/schema\/logo\/image\/\"},\"sameAs\":[\"https:\/\/x.com\/logina_lv\"]}]}<\/script>\n<!-- \/ Yoast SEO plugin. -->","yoast_head_json":{"title":"M\u016bsu partneri - Loginas Mikro\u0137irur\u0123ijas un Rehabilit\u0101cijas centrs","description":"M\u016bsu partneri","robots":{"index":"index","follow":"follow","max-snippet":"max-snippet:-1","max-image-preview":"max-image-preview:large","max-video-preview":"max-video-preview:-1"},"canonical":"https:\/\/logina.lv\/index.php\/musu-partneri\/","og_locale":"lv_LV","og_type":"article","og_title":"M\u016bsu partneri - Loginas Mikro\u0137irur\u0123ijas un Rehabilit\u0101cijas centrs","og_description":"M\u016bsu partneri","og_url":"https:\/\/logina.lv\/index.php\/musu-partneri\/","og_site_name":"Loginas Mikro\u0137irur\u0123ijas un Rehabilit\u0101cijas centrs","article_modified_time":"2022-12-05T07:01:55+00:00","twitter_card":"summary_large_image","twitter_site":"@logina_lv","twitter_misc":{"Est. reading time":"1 min\u016bte"},"schema":{"@context":"https:\/\/schema.org","@graph":[{"@type":"WebPage","@id":"https:\/\/logina.lv\/index.php\/musu-partneri\/","url":"https:\/\/logina.lv\/index.php\/musu-partneri\/","name":"M\u016bsu partneri - Loginas Mikro\u0137irur\u0123ijas un Rehabilit\u0101cijas centrs","isPartOf":{"@id":"https:\/\/logina.lv\/#website"},"datePublished":"2022-12-02T11:38:11+00:00","dateModified":"2022-12-05T07:01:55+00:00","description":"M\u016bsu partneri","breadcrumb":{"@id":"https:\/\/logina.lv\/index.php\/musu-partneri\/#breadcrumb"},"inLanguage":"lv-LV","potentialAction":[{"@type":"ReadAction","target":["https:\/\/logina.lv\/index.php\/musu-partneri\/"]}]},{"@type":"BreadcrumbList","@id":"https:\/\/logina.lv\/index.php\/musu-partneri\/#breadcrumb","itemListElement":[{"@type":"ListItem","position":1,"name":"Home","item":"https:\/\/logina.lv\/"},{"@type":"ListItem","position":2,"name":"M\u016bsu partneri"}]},{"@type":"WebSite","@id":"https:\/\/logina.lv\/#website","url":"https:\/\/logina.lv\/","name":"Loginas Mikro\u0137irur\u0123ijas un Rehabilit\u0101cijas centrs","description":"Uz zin\u0101tniski pier\u0101d\u012bt\u0101m metod\u0113m un pieredzi pamatots risin\u0101jums","publisher":{"@id":"https:\/\/logina.lv\/#organization"},"potentialAction":[{"@type":"SearchAction","target":{"@type":"EntryPoint","urlTemplate":"https:\/\/logina.lv\/?s={search_term_string}"},"query-input":{"@type":"PropertyValueSpecification","valueRequired":true,"valueName":"search_term_string"}}],"inLanguage":"lv-LV"},{"@type":"Organization","@id":"https:\/\/logina.lv\/#organization","name":"Loginas Mikro\u0137irur\u0123ijas un Rehabilit\u0101cijas centrs","url":"https:\/\/logina.lv\/","logo":{"@type":"ImageObject","inLanguage":"lv-LV","@id":"https:\/\/logina.lv\/#\/schema\/logo\/image\/","url":"https:\/\/logina.lv\/wp-content\/uploads\/2021\/05\/logosmall-1.png","contentUrl":"https:\/\/logina.lv\/wp-content\/uploads\/2021\/05\/logosmall-1.png","width":109,"height":89,"caption":"Loginas Mikro\u0137irur\u0123ijas un Rehabilit\u0101cijas centrs"},"image":{"@id":"https:\/\/logina.lv\/#\/schema\/logo\/image\/"},"sameAs":["https:\/\/x.com\/logina_lv"]}]}},"_links":{"self":[{"href":"https:\/\/logina.lv\/index.php\/wp-json\/wp\/v2\/pages\/1379","targetHints":{"allow":["GET"]}}],"collection":[{"href":"https:\/\/logina.lv\/index.php\/wp-json\/wp\/v2\/pages"}],"about":[{"href":"https:\/\/logina.lv\/index.php\/wp-json\/wp\/v2\/types\/page"}],"author":[{"embeddable":true,"href":"https:\/\/logina.lv\/index.php\/wp-json\/wp\/v2\/users\/1"}],"replies":[{"embeddable":true,"href":"https:\/\/logina.lv\/index.php\/wp-json\/wp\/v2\/comments?post=1379"}],"version-history":[{"count":3,"href":"https:\/\/logina.lv\/index.php\/wp-json\/wp\/v2\/pages\/1379\/revisions"}],"predecessor-version":[{"id":1384,"href":"https:\/\/logina.lv\/index.php\/wp-json\/wp\/v2\/pages\/1379\/revisions\/1384"}],"wp:attachment":[{"href":"https:\/\/logina.lv\/index.php\/wp-json\/wp\/v2\/media?parent=1379"}],"curies":[{"name":"wp","href":"https:\/\/api.w.org\/{rel}","templated":true}]}}