{"id":129,"date":"2021-05-26T16:42:52","date_gmt":"2021-05-26T13:42:52","guid":{"rendered":"http:\/\/80.233.182.142\/?page_id=129"},"modified":"2026-01-08T16:01:10","modified_gmt":"2026-01-08T13:01:10","slug":"cenas","status":"publish","type":"page","link":"https:\/\/logina.lv\/index.php\/cenas\/","title":{"rendered":"Cenas"},"content":{"rendered":"\n<div class=\"wp-block-group\"><div class=\"wp-block-group__inner-container is-layout-flow wp-block-group-is-layout-flow\">\n<p><strong>Plastikas, rokas un kr\u016bts \u0137irur\u0123ijas konsult\u0101cijas, manipul\u0101cijas un oper\u0101cijas cenr\u0101dis<\/strong> (2026.g.)<\/p>\n\n\n\n<div class=\"wp-block-columns is-layout-flex wp-container-core-columns-is-layout-9d6595d7 wp-block-columns-is-layout-flex\">\n<div class=\"wp-block-column is-layout-flow wp-block-column-is-layout-flow\" style=\"flex-basis:100%\">\n<figure class=\"wp-block-table\"><table><tbody><tr><td><strong>Konsult\u0101cijas<\/strong><\/td><td><strong>Cena \u20ac no&nbsp;<\/strong><\/td><\/tr><tr><td>Konsult\u0101cija l\u012bdz&nbsp;30min., R\u012bga<\/td><td>70.00<\/td><\/tr><tr><td>Konsult\u0101cija l\u012bdz&nbsp;30min., Liep\u0101ja<\/td><td>60.00<\/td><\/tr><tr><td>Konsult\u0101cija l\u012bdz&nbsp;30min., Saldus<\/td><td>60.00<\/td><\/tr><tr><td>Kl\u012bnisko gad\u012bjumu anal\u012bze<\/td><td>250.00<\/td><\/tr><tr><td><strong>&nbsp;<\/strong><\/td><td><strong>&nbsp;<\/strong><\/td><\/tr><tr><td><strong>Manipul\u0101cijas nosaukums &nbsp; &nbsp; &nbsp; &nbsp; &nbsp; &nbsp; &nbsp; &nbsp;&nbsp;<\/strong><\/td><td><strong>Cena \u20ac no&nbsp;<\/strong><\/td><\/tr><tr><td>Blok\u0101de<\/td><td>50.00<\/td><\/tr><tr><td>Punkcija<\/td><td>50.00<\/td><\/tr><tr><td>P\u0101rsie\u0161ana, maza<\/td><td>40.00<\/td><\/tr><tr><td>P\u0101rsie\u0161ana, liela<\/td><td>50.00<\/td><\/tr><tr><td>\u0160uvju iz\u0146em\u0161ana<\/td><td>40.00<\/td><\/tr><tr><td>Met\u0101la konstrukciju iz\u0146em\u0161ana ambulatori<\/td><td>100.00<\/td><\/tr><tr><td>\u0122ip\u0161a uzlik\u0161ana<\/td><td>20.00<\/td><\/tr><tr><td><strong>&nbsp;<\/strong><\/td><td><strong>&nbsp;<\/strong><\/td><\/tr><tr><td><strong>Oper\u0101cijas nosaukums &nbsp; &nbsp; &nbsp; &nbsp; &nbsp; &nbsp; &nbsp; &nbsp; &nbsp; &nbsp; &nbsp; &nbsp; &nbsp; &nbsp;&nbsp; &nbsp; &nbsp; &nbsp; &nbsp; &nbsp; &nbsp; &nbsp; &nbsp;<\/strong><\/td><td><strong>Cena \u20ac no&nbsp;<\/strong><\/td><\/tr><tr><td><strong>Rokas \u0137irur\u0123ija<\/strong><\/td><td><strong>&nbsp;<\/strong><\/td><\/tr><tr><td>Karp\u0101lais kan\u0101ls<\/td><td>580.00<\/td><\/tr><tr><td>Kubit\u0101lais kan\u0101ls<\/td><td>1000.00<\/td><\/tr><tr><td> Kubit\u0101lais kan\u0101ls ar transpoz\u012bciju<\/td><td>1200.00<\/td><\/tr><tr><td> Kubit\u0101lais kan\u0101ls, rev\u012bzija, transpoz\u012bcija<\/td><td>1500.00<\/td><\/tr><tr><td> Pronatora sindroms<\/td><td>1000.00<\/td><\/tr><tr><td> Gijona kan\u0101ls<\/td><td>750.00<\/td><\/tr><tr><td>Stenoz\u0113jo\u0161s ligament\u012bts<\/td><td>500.00<\/td><\/tr><tr><td> Stenoz\u0113jo\u0161s ligament\u012bts I.p.<\/td><td> 530.00<\/td><\/tr><tr><td>I.p.atliec\u0113jc\u012bpslas iekaisums (De Quervaine slim\u012bba)<\/td><td>560.00<\/td><\/tr><tr><td>Ganglijs vai higroma, vienk\u0101r\u0161s<\/td><td>620.00<\/td><\/tr><tr><td>Ganglijs vai higroma, komplic\u0113ts<\/td><td>1000.00<\/td><\/tr><tr><td>Dipitr\u0113na slim\u012bba 1.5h<\/td><td>800.00<\/td><\/tr><tr><td> Dipitr\u0113na slim\u012bba, vair\u0101k par 1,5h<\/td><td> 1100.00<\/td><\/tr><tr><td> Nerva sa\u0161\u016b\u0161ana<\/td><td> 900.00<\/td><\/tr><tr><td> Nervu komplic\u0113ta rekonstrukcija<\/td><td> 2000.00<\/td><\/tr><tr><td>Nervu boj\u0101jumu, neirinomu oper\u0101cijas<\/td><td> 1000.00<\/td><\/tr><tr><td>Deform\u0113jo\u0161u r\u0113tu un apdegumu \u0101rst\u0113\u0161ana<\/td><td> 900.00<\/td><\/tr><tr><td> Veidojumu iz\u0146em\u0161ana, vienk\u0101r\u0161a, l\u012bdz 30min, histolo\u0123ija<\/td><td> 500.00<\/td><\/tr><tr><td>Veidojumu iz\u0146em\u0161ana, vienk\u0101r\u0161a, l\u012bdz 1h, histolo\u0123ija<\/td><td> 600.00<\/td><\/tr><tr><td>Veidojumu iz\u0146em\u0161ana, komplic\u0113ti<\/td><td> 1000.00<\/td><\/tr><tr><td> Veidojumu iz\u0146em\u0161ana, lok\u0101ls l\u0113veris<\/td><td> 1600.00<\/td><\/tr><tr><td>Veidojumu iz\u0146em\u0161ana, br\u012bvs l\u0113veris<\/td><td>5000.00<\/td><\/tr><tr><td> Plaukstas kaulu, pirkstu l\u016bzumi<\/td><td>  800.00<\/td><\/tr><tr><td>Met\u0101la konstrukciju iz\u0146em\u0161ana op.z\u0101l\u0113<\/td><td>550.00<\/td><\/tr><tr><td>Plaukstas loc\u012btavas artroskopija<\/td><td>1300.00<\/td><\/tr><tr><td>Kaulu deform\u0101ciju, defektu, cistu un infekcijas (taj\u0101 skait\u0101 osteomiel\u012bta) \u0101rst\u0113\u0161ana<\/td><td>2000.00<\/td><\/tr><tr><td> Plaukstas sai\u0161u (taj\u0101 skait\u0101 TFCC) rekonstrukcija<\/td><td>2500.00<\/td><\/tr><tr><td>Plaukstas kaulu nestabilit\u0101tes \u0137irur\u0123iska \u0101rst\u0113\u0161ana (vair\u0101ku sai\u0161u rekonstrukcijas)<\/td><td>3000.00<\/td><\/tr><tr><td> Plaukstas kaulu da\u013c\u0113ja rezekcija, fiks\u0101cija<\/td><td>3000.00<\/td><\/tr><tr><td> Plaukstas kaulu rezekcija, sai\u0161u rekonstrukcija<\/td><td>3200.00<\/td><\/tr><tr><td> Plaukstas kaulu un sai\u0161u komplic\u0113ta rekonstrukcija<\/td><td>apr\u0113\u0137ina individu\u0101li<\/td><\/tr><tr><td> Plaukstas, apak\u0161delma multiplu strukt\u016bru (c\u012bpslu, nervu) sa\u0161\u016b\u0161ana, rekonstrukcija<\/td><td>apr\u0113\u0137ina individu\u0101li<\/td><\/tr><tr><td> Rokas nervu, asinsvadu, c\u012bpslu boj\u0101jumu sa\u0161\u016b\u0161ana, rekonstrukcija<\/td><td>  apr\u0113\u0137ina individu\u0101li<\/td><\/tr><tr><td> Defekta sl\u0113g\u0161ana ar \u0101das transplant\u0101tu<\/td><td>  850.00<\/td><\/tr><tr><td>Pilonid\u0101l\u0101 cista, nekomplic\u0113ta<\/td><td>2000.00<\/td><\/tr><tr><td> Pilonid\u0101l\u0101 cista komplic\u0113ti gad\u012bjumi ar defekta sl\u0113g\u0161anu veicot plastiku<\/td><td>3000.00<\/td><\/tr><tr><td> Limf\u0101tisk\u0101s sist\u0113mas rekonstrukt\u012bvas oper\u0101cijas<\/td><td>apr\u0113\u0137ina individu\u0101li<\/td><\/tr><tr><td> M\u012bksto audu audz\u0113ju \u0137irur\u0123iska \u0101rst\u0113\u0161ana<\/td><td> apr\u0113\u0137ina individu\u0101li<\/td><\/tr><tr><td> Kr\u016bts rekonstrukcija izmantojot lok\u0101lus audu l\u0113verus<\/td><td> 4500.00<\/td><\/tr><tr><td> Kr\u016bts rekonstrukcija izmantojot br\u012bvus audu l\u0113verus<\/td><td> 6000.00<\/td><\/tr><tr><td>Aug\u0161\u0113jo plaksti\u0146u korekcija, blefaroplastika<\/td><td> 1400.00<\/td><\/tr><tr><td> Ausu formas korekcija, otoplastika<\/td><td>1500.00<\/td><\/tr><\/tbody><\/table><\/figure>\n<\/div>\n<\/div>\n<\/div><\/div>\n\n\n\n<p><strong>Piez\u012bme: <\/strong>Oper\u0101cijas cenas var pieaugt atkar\u012bb\u0101 no attiec\u012bg\u0101s oper\u0101cijas sare\u017e\u0123\u012bt\u012bbas, oper\u0101cijas ilguma un anest\u0113zijas veida, izmantotajiem implantiem.<br><strong>Oper\u0101cijas izmaks\u0101s ietilpst:<\/strong><br>\u25cfMaksa par oper\u0101ciju vai manipul\u0101ciju (taj\u0101 skait\u0101, anest\u0113zija, medikamenti, oper\u0101cijas materi\u0101li)<br>\u25cfOper\u0101cijas z\u0101les izmaksas<br>\u25cfApr\u016bp\u0113 un oper\u0101cij\u0101 iesaist\u012bt\u0101 medic\u012bnas un pal\u012bgperson\u0101la atalgojums<br>\u25cfNodok\u013ci<br>\u25cfUztur\u0113\u0161an\u0101s dienas stacion\u0101ra telp\u0101s (Ja nepiecie\u0161ama uztur\u0113\u0161an\u0101s noda\u013c\u0101 \u2013 j\u0101veic papildus maks\u0101jums atkar\u012bb\u0101 no servisa un komforta l\u012bme\u0146a).<\/p>\n\n\n\n<p><\/p>\n","protected":false},"excerpt":{"rendered":"<p>Plastikas, rokas un kr\u016bts \u0137irur\u0123ijas konsult\u0101cijas, manipul\u0101cijas un oper\u0101cijas cenr\u0101dis (2026.g.) Konsult\u0101cijas Cena \u20ac no&nbsp; Konsult\u0101cija l\u012bdz&nbsp;30min., R\u012bga 70.00 Konsult\u0101cija l\u012bdz&nbsp;30min., Liep\u0101ja 60.00 Konsult\u0101cija l\u012bdz&nbsp;30min.,&hellip;<\/p>\n","protected":false},"author":1,"featured_media":0,"parent":0,"menu_order":40,"comment_status":"closed","ping_status":"closed","template":"","meta":{"_mi_skip_tracking":false,"footnotes":""},"class_list":["post-129","page","type-page","status-publish","hentry"],"aioseo_notices":[],"yoast_head":"<!-- This site is optimized with the Yoast SEO plugin v27.2 - https:\/\/yoast.com\/product\/yoast-seo-wordpress\/ -->\n<title>Cenas - Loginas Mikro\u0137irur\u0123ijas un Rehabilit\u0101cijas centrs<\/title>\n<meta name=\"robots\" content=\"index, follow, max-snippet:-1, max-image-preview:large, max-video-preview:-1\" \/>\n<link rel=\"canonical\" href=\"https:\/\/logina.lv\/index.php\/cenas\/\" \/>\n<meta property=\"og:locale\" content=\"lv_LV\" \/>\n<meta property=\"og:type\" content=\"article\" \/>\n<meta property=\"og:title\" content=\"Cenas - Loginas Mikro\u0137irur\u0123ijas un Rehabilit\u0101cijas centrs\" \/>\n<meta property=\"og:description\" content=\"Plastikas, rokas un kr\u016bts \u0137irur\u0123ijas konsult\u0101cijas, manipul\u0101cijas un oper\u0101cijas cenr\u0101dis (2026.g.) Konsult\u0101cijas Cena \u20ac no&nbsp; Konsult\u0101cija l\u012bdz&nbsp;30min., R\u012bga 70.00 Konsult\u0101cija l\u012bdz&nbsp;30min., Liep\u0101ja 60.00 Konsult\u0101cija l\u012bdz&nbsp;30min.,&hellip;\" \/>\n<meta property=\"og:url\" content=\"https:\/\/logina.lv\/index.php\/cenas\/\" \/>\n<meta property=\"og:site_name\" content=\"Loginas Mikro\u0137irur\u0123ijas un Rehabilit\u0101cijas centrs\" \/>\n<meta property=\"article:modified_time\" content=\"2026-01-08T13:01:10+00:00\" \/>\n<meta name=\"twitter:card\" content=\"summary_large_image\" \/>\n<meta name=\"twitter:site\" content=\"@logina_lv\" \/>\n<meta name=\"twitter:label1\" content=\"Est. reading time\" \/>\n\t<meta name=\"twitter:data1\" content=\"2 min\u016btes\" \/>\n<script type=\"application\/ld+json\" class=\"yoast-schema-graph\">{\"@context\":\"https:\/\/schema.org\",\"@graph\":[{\"@type\":\"WebPage\",\"@id\":\"https:\/\/logina.lv\/index.php\/cenas\/\",\"url\":\"https:\/\/logina.lv\/index.php\/cenas\/\",\"name\":\"Cenas - Loginas Mikro\u0137irur\u0123ijas un Rehabilit\u0101cijas centrs\",\"isPartOf\":{\"@id\":\"https:\/\/logina.lv\/#website\"},\"datePublished\":\"2021-05-26T13:42:52+00:00\",\"dateModified\":\"2026-01-08T13:01:10+00:00\",\"breadcrumb\":{\"@id\":\"https:\/\/logina.lv\/index.php\/cenas\/#breadcrumb\"},\"inLanguage\":\"lv-LV\",\"potentialAction\":[{\"@type\":\"ReadAction\",\"target\":[\"https:\/\/logina.lv\/index.php\/cenas\/\"]}]},{\"@type\":\"BreadcrumbList\",\"@id\":\"https:\/\/logina.lv\/index.php\/cenas\/#breadcrumb\",\"itemListElement\":[{\"@type\":\"ListItem\",\"position\":1,\"name\":\"Home\",\"item\":\"https:\/\/logina.lv\/\"},{\"@type\":\"ListItem\",\"position\":2,\"name\":\"Cenas\"}]},{\"@type\":\"WebSite\",\"@id\":\"https:\/\/logina.lv\/#website\",\"url\":\"https:\/\/logina.lv\/\",\"name\":\"Loginas Mikro\u0137irur\u0123ijas un Rehabilit\u0101cijas centrs\",\"description\":\"Uz zin\u0101tniski pier\u0101d\u012bt\u0101m metod\u0113m un pieredzi pamatots risin\u0101jums\",\"publisher\":{\"@id\":\"https:\/\/logina.lv\/#organization\"},\"potentialAction\":[{\"@type\":\"SearchAction\",\"target\":{\"@type\":\"EntryPoint\",\"urlTemplate\":\"https:\/\/logina.lv\/?s={search_term_string}\"},\"query-input\":{\"@type\":\"PropertyValueSpecification\",\"valueRequired\":true,\"valueName\":\"search_term_string\"}}],\"inLanguage\":\"lv-LV\"},{\"@type\":\"Organization\",\"@id\":\"https:\/\/logina.lv\/#organization\",\"name\":\"Loginas Mikro\u0137irur\u0123ijas un Rehabilit\u0101cijas centrs\",\"url\":\"https:\/\/logina.lv\/\",\"logo\":{\"@type\":\"ImageObject\",\"inLanguage\":\"lv-LV\",\"@id\":\"https:\/\/logina.lv\/#\/schema\/logo\/image\/\",\"url\":\"https:\/\/logina.lv\/wp-content\/uploads\/2021\/05\/logosmall-1.png\",\"contentUrl\":\"https:\/\/logina.lv\/wp-content\/uploads\/2021\/05\/logosmall-1.png\",\"width\":109,\"height\":89,\"caption\":\"Loginas Mikro\u0137irur\u0123ijas un Rehabilit\u0101cijas centrs\"},\"image\":{\"@id\":\"https:\/\/logina.lv\/#\/schema\/logo\/image\/\"},\"sameAs\":[\"https:\/\/x.com\/logina_lv\"]}]}<\/script>\n<!-- \/ Yoast SEO plugin. -->","yoast_head_json":{"title":"Cenas - Loginas Mikro\u0137irur\u0123ijas un Rehabilit\u0101cijas centrs","robots":{"index":"index","follow":"follow","max-snippet":"max-snippet:-1","max-image-preview":"max-image-preview:large","max-video-preview":"max-video-preview:-1"},"canonical":"https:\/\/logina.lv\/index.php\/cenas\/","og_locale":"lv_LV","og_type":"article","og_title":"Cenas - Loginas Mikro\u0137irur\u0123ijas un Rehabilit\u0101cijas centrs","og_description":"Plastikas, rokas un kr\u016bts \u0137irur\u0123ijas konsult\u0101cijas, manipul\u0101cijas un oper\u0101cijas cenr\u0101dis (2026.g.) Konsult\u0101cijas Cena \u20ac no&nbsp; Konsult\u0101cija l\u012bdz&nbsp;30min., R\u012bga 70.00 Konsult\u0101cija l\u012bdz&nbsp;30min., Liep\u0101ja 60.00 Konsult\u0101cija l\u012bdz&nbsp;30min.,&hellip;","og_url":"https:\/\/logina.lv\/index.php\/cenas\/","og_site_name":"Loginas Mikro\u0137irur\u0123ijas un Rehabilit\u0101cijas centrs","article_modified_time":"2026-01-08T13:01:10+00:00","twitter_card":"summary_large_image","twitter_site":"@logina_lv","twitter_misc":{"Est. reading time":"2 min\u016btes"},"schema":{"@context":"https:\/\/schema.org","@graph":[{"@type":"WebPage","@id":"https:\/\/logina.lv\/index.php\/cenas\/","url":"https:\/\/logina.lv\/index.php\/cenas\/","name":"Cenas - Loginas Mikro\u0137irur\u0123ijas un Rehabilit\u0101cijas centrs","isPartOf":{"@id":"https:\/\/logina.lv\/#website"},"datePublished":"2021-05-26T13:42:52+00:00","dateModified":"2026-01-08T13:01:10+00:00","breadcrumb":{"@id":"https:\/\/logina.lv\/index.php\/cenas\/#breadcrumb"},"inLanguage":"lv-LV","potentialAction":[{"@type":"ReadAction","target":["https:\/\/logina.lv\/index.php\/cenas\/"]}]},{"@type":"BreadcrumbList","@id":"https:\/\/logina.lv\/index.php\/cenas\/#breadcrumb","itemListElement":[{"@type":"ListItem","position":1,"name":"Home","item":"https:\/\/logina.lv\/"},{"@type":"ListItem","position":2,"name":"Cenas"}]},{"@type":"WebSite","@id":"https:\/\/logina.lv\/#website","url":"https:\/\/logina.lv\/","name":"Loginas Mikro\u0137irur\u0123ijas un Rehabilit\u0101cijas centrs","description":"Uz zin\u0101tniski pier\u0101d\u012bt\u0101m metod\u0113m un pieredzi pamatots risin\u0101jums","publisher":{"@id":"https:\/\/logina.lv\/#organization"},"potentialAction":[{"@type":"SearchAction","target":{"@type":"EntryPoint","urlTemplate":"https:\/\/logina.lv\/?s={search_term_string}"},"query-input":{"@type":"PropertyValueSpecification","valueRequired":true,"valueName":"search_term_string"}}],"inLanguage":"lv-LV"},{"@type":"Organization","@id":"https:\/\/logina.lv\/#organization","name":"Loginas Mikro\u0137irur\u0123ijas un Rehabilit\u0101cijas centrs","url":"https:\/\/logina.lv\/","logo":{"@type":"ImageObject","inLanguage":"lv-LV","@id":"https:\/\/logina.lv\/#\/schema\/logo\/image\/","url":"https:\/\/logina.lv\/wp-content\/uploads\/2021\/05\/logosmall-1.png","contentUrl":"https:\/\/logina.lv\/wp-content\/uploads\/2021\/05\/logosmall-1.png","width":109,"height":89,"caption":"Loginas Mikro\u0137irur\u0123ijas un Rehabilit\u0101cijas centrs"},"image":{"@id":"https:\/\/logina.lv\/#\/schema\/logo\/image\/"},"sameAs":["https:\/\/x.com\/logina_lv"]}]}},"_links":{"self":[{"href":"https:\/\/logina.lv\/index.php\/wp-json\/wp\/v2\/pages\/129","targetHints":{"allow":["GET"]}}],"collection":[{"href":"https:\/\/logina.lv\/index.php\/wp-json\/wp\/v2\/pages"}],"about":[{"href":"https:\/\/logina.lv\/index.php\/wp-json\/wp\/v2\/types\/page"}],"author":[{"embeddable":true,"href":"https:\/\/logina.lv\/index.php\/wp-json\/wp\/v2\/users\/1"}],"replies":[{"embeddable":true,"href":"https:\/\/logina.lv\/index.php\/wp-json\/wp\/v2\/comments?post=129"}],"version-history":[{"count":32,"href":"https:\/\/logina.lv\/index.php\/wp-json\/wp\/v2\/pages\/129\/revisions"}],"predecessor-version":[{"id":7988,"href":"https:\/\/logina.lv\/index.php\/wp-json\/wp\/v2\/pages\/129\/revisions\/7988"}],"wp:attachment":[{"href":"https:\/\/logina.lv\/index.php\/wp-json\/wp\/v2\/media?parent=129"}],"curies":[{"name":"wp","href":"https:\/\/api.w.org\/{rel}","templated":true}]}}