{"id":127,"date":"2021-05-26T16:33:33","date_gmt":"2021-05-26T16:33:33","guid":{"rendered":"http:\/\/80.233.182.142\/?page_id=127"},"modified":"2021-06-09T22:56:09","modified_gmt":"2021-06-09T22:56:09","slug":"par-mums","status":"publish","type":"page","link":"https:\/\/logina.lv\/index.php\/par-mums\/","title":{"rendered":"Par mums"},"content":{"rendered":"\n<p>Loginas Mikro\u0137irur\u0123ijas un Rehabilit\u0101cijas centrs ir specializ\u0113ta \u0101rstniec\u012bbas iest\u0101de, kas pied\u0101v\u0101 kvalitat\u012bvus, uz zin\u0101tni un pieredzi balst\u012btus augsti kvalific\u0113ta mikro\u0137irur\u0123ijas, plastikas un rokas \u0137irur\u0123ijas, rekonstrukt\u012bv\u0101s un kr\u016bts \u0137irur\u0123ijas speci\u0101lista pakalpojumus.<\/p>\n\n\n\n<p>Speci\u0101lista zin\u0101\u0161anas un ilgsto\u0161i kl\u012bnisk\u0101 praks\u0113 g\u016bt\u0101 pieredze pal\u012bdz iesp\u0113jami \u0101tri noteikt radu\u0161\u0101s situ\u0101cijas c\u0113loni un operat\u012bvi realiz\u0113t piem\u0113rot\u0101ko \u0101rst\u0113\u0161anu (medikamenti, blok\u0101des, oper\u0101cijas u.c.).<\/p>\n\n\n\n<p>&nbsp;Bie\u017ei vien s\u016bdz\u012bbas var mazin\u0101t un st\u0101vokli uzlabot, vai pat piln\u012bb\u0101 probl\u0113mu atrisin\u0101t, pacienta sapratne par s\u016bdz\u012bbu iemesliem, vingrin\u0101jumi, medikamenti, blok\u0101des, fizioproced\u016bras un tehniskie pal\u012bgl\u012bdzek\u013ci jeb ortozes. Tom\u0113r nopietn\u0101k\u0101s situ\u0101cij\u0101s, lai uzlabotu radu\u0161\u0101s izmai\u0146as un atg\u016btu apmierino\u0161u dz\u012bves kvalit\u0101ti var b\u016bt nepiecie\u0161ama oper\u0101cija.<\/p>\n\n\n\n<div class=\"wp-block-group\"><div class=\"wp-block-group__inner-container is-layout-flow wp-block-group-is-layout-flow\">\n<p class=\"has-medium-font-size\"><strong>Loginas Mikro\u0137irur\u0123ijas un rehabilit\u0101cijas centrs ir organiz\u0113jis un iesaist\u012bjies sekojo\u0161os projektos:<\/strong><\/p>\n<\/div><\/div>\n\n\n\n<ul class=\"wp-block-list\"><li>Kop\u0101 ar sadarb\u012bbas partneriem ir aizs\u0101cis trad\u012bciju veidot starptautiskus plastisk\u0101s un rokas \u0137irur\u0123ijas kongresus Latvij\u0101 &#8211; <strong>2008.gad\u0101 organiz\u0113jot \u201ePirmo Baltijas valstu rekonstrukt\u012bv\u0101s, plaukstas un est\u0113tisk\u0101s \u0137irur\u0123ijas iepaz\u012b\u0161an\u0101s kongresu\u201d<\/strong> (First Welcome Meeting of Reconstructive, Hand and Aesthetic Surgery of Baltic States).<\/li><li>Atbalsts plastikas un rokas \u0137irur\u0123es <strong>Lauras Loginas disert\u0101cijas darba \u201eAug\u0161\u0113j\u0101s ekstremit\u0101tes amput\u0113t\u0101s da\u013cas kaulaudu \u012bpa\u0161\u012bbu izmai\u0146as ilgsto\u0161as i\u0161\u0113mijas apst\u0101k\u013cos\u201d realiz\u0101cij\u0101.<\/strong><\/li><li>2009.gada vasar\u0101 dienas gaismu ieraudz\u012bja Br\u016b\u010du kl\u012bnikas izdevums par <strong>izgul\u0113jumu \u0101rst\u0113\u0161anas<\/strong> tehnolo\u0123ijas pamatprincipiem.<br>Loginas Mikro\u0137irur\u0123ijas un Rehabilit\u0101cijas centrs (Iepriek\u0161\u0113jais nosaukums &#8211; Zin\u0101tnisk\u0101s iniciat\u012bvas centrs) ir piedal\u012bjies \u0161\u012b pirm\u0101 izdevuma veido\u0161an\u0101, radot pirmo reizi Latvij\u0101 tik pla\u0161a apjoma izdevumu par izgul\u0113jumu \u0101rst\u0113\u0161anas tehnolo\u0123ijas pamatprincipiem.<\/li><li>Loginas Mikro\u0137irur\u0123ijas un Rehabilit\u0101cijas centrs sadarb\u012bb\u0101 ar Latvijas plastisk\u0101s, rekonstrukt\u012bv\u0101s un mikro\u0137irur\u0123ijas centru ir<strong> veicis un att\u012bst\u012bjis zin\u0101tniski p\u0113tnieciskus darbus, <\/strong>nodro\u0161inot t\u0101 dal\u012bbu zin\u0101tniskos projektos atbilsto\u0161i LPRMC specifiskaj\u0101m interes\u0113m.<\/li><li>Loginas Mikro\u0137irur\u0123ijas un Rehabilit\u0101cijas centram ir bijusi veiksm\u012bga sadarb\u012bba ar Mikro\u0137irur\u0123ijas att\u012bst\u012bbas biedr\u012bbu, veicinot un piedaloties<strong> jauno \u0101rstu un rezidentu apm\u0101c\u012bb\u0101.<\/strong><\/li><li>Loginas Mikro\u0137irur\u0123ijas un Rehabilit\u0101cijas centram izveidojusies sadarb\u012bba ar Br\u016b\u010du un izgul\u0113jumu asoci\u0101ciju. Kop\u012bgi veidoti un realiz\u0113ta apm\u0101c\u012bba, semin\u0101ri.<\/li><li>Atbalsts da\u017e\u0101du inovat\u012bvu \u0101rst\u0113\u0161anas un \u0137irur\u0123ijas meto\u017eu ievie\u0161an\u0101. <strong>02.11.2009. dr.med. Laura Logina veica Latvij\u0101 pirmo plaukstas artroskopiju!<\/strong> V\u0113l\u0101k tika att\u012bst\u012bta ar\u012b nervu edoskopiska atbr\u012bvo\u0161ana gan plaukstas, gan elko\u0146a l\u012bmen\u012b.<\/li><li>Sadarb\u012bb\u0101 ar <strong>Prof.Simo Vilki (Somija, Tamperes kl\u012bnika) &#8211; B\u0113rnu cerebr\u0101l\u0101s triekas pacientu<\/strong> roku funkcion\u0101lo trauc\u0113jumu operat\u012bv\u0101s \u0101rst\u0113\u0161anas iesp\u0113jas Latvij\u0101.<\/li><li>Sadarb\u012bb\u0101 ar <strong>Prof.Jan Friden (Zviedrija, Gotenburgas Sahlgrenska Akad\u0113mija) \u2013 roku funkciju uzlabo\u0161ana tetrapl\u0113\u0123ijas pacientiem<\/strong>.<br>Sadarb\u012bbas ietvaros veidots zin\u0101tniskais semin\u0101rs ar m\u0113r\u0137i iepaz\u012bstin\u0101t Latvijas profesion\u0101\u013cus ar konservat\u012bv\u0101m un operat\u012bv\u0101m metod\u0113m tetrapl\u0113\u0123ijas pacientu \u0101rst\u0113\u0161an\u0101. Notiek regul\u0101ra apm\u0101c\u012bba, pieredzes apmai\u0146as braucieni, smagu pacientu \u0101rst\u0113\u0161anas pl\u0101na koordin\u0101cija. \u0160\u012b projekta realiz\u0101cijas rezult\u0101t\u0101 Latvij\u0101 jau veikta vair\u0101ku pacientu \u0101rst\u0113\u0161ana.<\/li><li>Akt\u012bvi iesaist\u012bjies Rokas terapijas att\u012bst\u012bb\u0101 Latvij\u0101 &#8211; sadarb\u012bb\u0101 ar Mediroyal\/De Royal organiz\u0113ts semin\u0101rs <strong>\u201eRokas terapijas pamatprincipi pacientiem ar roku saslim\u0161an\u0101m, ortoz\u0113\u0161ana\u201d.<\/strong><br>Semin\u0101ra lektore ergoterapeite, s\u0101pju terapijas speci\u0101liste, ergonomikas speci\u0101liste un rokas \u0137irur\u0123ijas rehabilit\u0101cijas speci\u0101liste Christine Fernholm (Zviedrija).<\/li><\/ul>\n\n\n\n<p><\/p>\n","protected":false},"excerpt":{"rendered":"<p>Loginas Mikro\u0137irur\u0123ijas un Rehabilit\u0101cijas centrs ir specializ\u0113ta \u0101rstniec\u012bbas iest\u0101de, kas pied\u0101v\u0101 kvalitat\u012bvus, uz zin\u0101tni un pieredzi balst\u012btus augsti kvalific\u0113ta mikro\u0137irur\u0123ijas, plastikas un rokas \u0137irur\u0123ijas, rekonstrukt\u012bv\u0101s&hellip;<\/p>\n","protected":false},"author":1,"featured_media":0,"parent":0,"menu_order":0,"comment_status":"closed","ping_status":"closed","template":"","meta":{"_mi_skip_tracking":false,"footnotes":""},"class_list":["post-127","page","type-page","status-publish","hentry"],"aioseo_notices":[],"yoast_head":"<!-- This site is optimized with the Yoast SEO plugin v27.2 - https:\/\/yoast.com\/product\/yoast-seo-wordpress\/ -->\n<title>Par mums - Loginas Mikro\u0137irur\u0123ijas un Rehabilit\u0101cijas centrs<\/title>\n<meta name=\"robots\" content=\"index, follow, max-snippet:-1, max-image-preview:large, max-video-preview:-1\" \/>\n<link rel=\"canonical\" href=\"https:\/\/logina.lv\/index.php\/par-mums\/\" \/>\n<meta property=\"og:locale\" content=\"lv_LV\" \/>\n<meta property=\"og:type\" content=\"article\" \/>\n<meta property=\"og:title\" content=\"Par mums - Loginas Mikro\u0137irur\u0123ijas un Rehabilit\u0101cijas centrs\" \/>\n<meta property=\"og:description\" content=\"Loginas Mikro\u0137irur\u0123ijas un Rehabilit\u0101cijas centrs ir specializ\u0113ta \u0101rstniec\u012bbas iest\u0101de, kas pied\u0101v\u0101 kvalitat\u012bvus, uz zin\u0101tni un pieredzi balst\u012btus augsti kvalific\u0113ta mikro\u0137irur\u0123ijas, plastikas un rokas \u0137irur\u0123ijas, rekonstrukt\u012bv\u0101s&hellip;\" \/>\n<meta property=\"og:url\" content=\"https:\/\/logina.lv\/index.php\/par-mums\/\" \/>\n<meta property=\"og:site_name\" content=\"Loginas Mikro\u0137irur\u0123ijas un Rehabilit\u0101cijas centrs\" \/>\n<meta property=\"article:modified_time\" content=\"2021-06-09T22:56:09+00:00\" \/>\n<meta name=\"twitter:card\" content=\"summary_large_image\" \/>\n<meta name=\"twitter:site\" content=\"@logina_lv\" \/>\n<meta name=\"twitter:label1\" content=\"Est. reading time\" \/>\n\t<meta name=\"twitter:data1\" content=\"3 min\u016btes\" \/>\n<script type=\"application\/ld+json\" class=\"yoast-schema-graph\">{\"@context\":\"https:\/\/schema.org\",\"@graph\":[{\"@type\":\"WebPage\",\"@id\":\"https:\/\/logina.lv\/index.php\/par-mums\/\",\"url\":\"https:\/\/logina.lv\/index.php\/par-mums\/\",\"name\":\"Par mums - Loginas Mikro\u0137irur\u0123ijas un Rehabilit\u0101cijas centrs\",\"isPartOf\":{\"@id\":\"https:\/\/logina.lv\/#website\"},\"datePublished\":\"2021-05-26T16:33:33+00:00\",\"dateModified\":\"2021-06-09T22:56:09+00:00\",\"breadcrumb\":{\"@id\":\"https:\/\/logina.lv\/index.php\/par-mums\/#breadcrumb\"},\"inLanguage\":\"lv-LV\",\"potentialAction\":[{\"@type\":\"ReadAction\",\"target\":[\"https:\/\/logina.lv\/index.php\/par-mums\/\"]}]},{\"@type\":\"BreadcrumbList\",\"@id\":\"https:\/\/logina.lv\/index.php\/par-mums\/#breadcrumb\",\"itemListElement\":[{\"@type\":\"ListItem\",\"position\":1,\"name\":\"Home\",\"item\":\"https:\/\/logina.lv\/\"},{\"@type\":\"ListItem\",\"position\":2,\"name\":\"Par mums\"}]},{\"@type\":\"WebSite\",\"@id\":\"https:\/\/logina.lv\/#website\",\"url\":\"https:\/\/logina.lv\/\",\"name\":\"Loginas Mikro\u0137irur\u0123ijas un Rehabilit\u0101cijas centrs\",\"description\":\"Uz zin\u0101tniski pier\u0101d\u012bt\u0101m metod\u0113m un pieredzi pamatots risin\u0101jums\",\"publisher\":{\"@id\":\"https:\/\/logina.lv\/#organization\"},\"potentialAction\":[{\"@type\":\"SearchAction\",\"target\":{\"@type\":\"EntryPoint\",\"urlTemplate\":\"https:\/\/logina.lv\/?s={search_term_string}\"},\"query-input\":{\"@type\":\"PropertyValueSpecification\",\"valueRequired\":true,\"valueName\":\"search_term_string\"}}],\"inLanguage\":\"lv-LV\"},{\"@type\":\"Organization\",\"@id\":\"https:\/\/logina.lv\/#organization\",\"name\":\"Loginas Mikro\u0137irur\u0123ijas un Rehabilit\u0101cijas centrs\",\"url\":\"https:\/\/logina.lv\/\",\"logo\":{\"@type\":\"ImageObject\",\"inLanguage\":\"lv-LV\",\"@id\":\"https:\/\/logina.lv\/#\/schema\/logo\/image\/\",\"url\":\"https:\/\/logina.lv\/wp-content\/uploads\/2021\/05\/logosmall-1.png\",\"contentUrl\":\"https:\/\/logina.lv\/wp-content\/uploads\/2021\/05\/logosmall-1.png\",\"width\":109,\"height\":89,\"caption\":\"Loginas Mikro\u0137irur\u0123ijas un Rehabilit\u0101cijas centrs\"},\"image\":{\"@id\":\"https:\/\/logina.lv\/#\/schema\/logo\/image\/\"},\"sameAs\":[\"https:\/\/x.com\/logina_lv\"]}]}<\/script>\n<!-- \/ Yoast SEO plugin. -->","yoast_head_json":{"title":"Par mums - Loginas Mikro\u0137irur\u0123ijas un Rehabilit\u0101cijas centrs","robots":{"index":"index","follow":"follow","max-snippet":"max-snippet:-1","max-image-preview":"max-image-preview:large","max-video-preview":"max-video-preview:-1"},"canonical":"https:\/\/logina.lv\/index.php\/par-mums\/","og_locale":"lv_LV","og_type":"article","og_title":"Par mums - Loginas Mikro\u0137irur\u0123ijas un Rehabilit\u0101cijas centrs","og_description":"Loginas Mikro\u0137irur\u0123ijas un Rehabilit\u0101cijas centrs ir specializ\u0113ta \u0101rstniec\u012bbas iest\u0101de, kas pied\u0101v\u0101 kvalitat\u012bvus, uz zin\u0101tni un pieredzi balst\u012btus augsti kvalific\u0113ta mikro\u0137irur\u0123ijas, plastikas un rokas \u0137irur\u0123ijas, rekonstrukt\u012bv\u0101s&hellip;","og_url":"https:\/\/logina.lv\/index.php\/par-mums\/","og_site_name":"Loginas Mikro\u0137irur\u0123ijas un Rehabilit\u0101cijas centrs","article_modified_time":"2021-06-09T22:56:09+00:00","twitter_card":"summary_large_image","twitter_site":"@logina_lv","twitter_misc":{"Est. reading time":"3 min\u016btes"},"schema":{"@context":"https:\/\/schema.org","@graph":[{"@type":"WebPage","@id":"https:\/\/logina.lv\/index.php\/par-mums\/","url":"https:\/\/logina.lv\/index.php\/par-mums\/","name":"Par mums - Loginas Mikro\u0137irur\u0123ijas un Rehabilit\u0101cijas centrs","isPartOf":{"@id":"https:\/\/logina.lv\/#website"},"datePublished":"2021-05-26T16:33:33+00:00","dateModified":"2021-06-09T22:56:09+00:00","breadcrumb":{"@id":"https:\/\/logina.lv\/index.php\/par-mums\/#breadcrumb"},"inLanguage":"lv-LV","potentialAction":[{"@type":"ReadAction","target":["https:\/\/logina.lv\/index.php\/par-mums\/"]}]},{"@type":"BreadcrumbList","@id":"https:\/\/logina.lv\/index.php\/par-mums\/#breadcrumb","itemListElement":[{"@type":"ListItem","position":1,"name":"Home","item":"https:\/\/logina.lv\/"},{"@type":"ListItem","position":2,"name":"Par mums"}]},{"@type":"WebSite","@id":"https:\/\/logina.lv\/#website","url":"https:\/\/logina.lv\/","name":"Loginas Mikro\u0137irur\u0123ijas un Rehabilit\u0101cijas centrs","description":"Uz zin\u0101tniski pier\u0101d\u012bt\u0101m metod\u0113m un pieredzi pamatots risin\u0101jums","publisher":{"@id":"https:\/\/logina.lv\/#organization"},"potentialAction":[{"@type":"SearchAction","target":{"@type":"EntryPoint","urlTemplate":"https:\/\/logina.lv\/?s={search_term_string}"},"query-input":{"@type":"PropertyValueSpecification","valueRequired":true,"valueName":"search_term_string"}}],"inLanguage":"lv-LV"},{"@type":"Organization","@id":"https:\/\/logina.lv\/#organization","name":"Loginas Mikro\u0137irur\u0123ijas un Rehabilit\u0101cijas centrs","url":"https:\/\/logina.lv\/","logo":{"@type":"ImageObject","inLanguage":"lv-LV","@id":"https:\/\/logina.lv\/#\/schema\/logo\/image\/","url":"https:\/\/logina.lv\/wp-content\/uploads\/2021\/05\/logosmall-1.png","contentUrl":"https:\/\/logina.lv\/wp-content\/uploads\/2021\/05\/logosmall-1.png","width":109,"height":89,"caption":"Loginas Mikro\u0137irur\u0123ijas un Rehabilit\u0101cijas centrs"},"image":{"@id":"https:\/\/logina.lv\/#\/schema\/logo\/image\/"},"sameAs":["https:\/\/x.com\/logina_lv"]}]}},"_links":{"self":[{"href":"https:\/\/logina.lv\/index.php\/wp-json\/wp\/v2\/pages\/127","targetHints":{"allow":["GET"]}}],"collection":[{"href":"https:\/\/logina.lv\/index.php\/wp-json\/wp\/v2\/pages"}],"about":[{"href":"https:\/\/logina.lv\/index.php\/wp-json\/wp\/v2\/types\/page"}],"author":[{"embeddable":true,"href":"https:\/\/logina.lv\/index.php\/wp-json\/wp\/v2\/users\/1"}],"replies":[{"embeddable":true,"href":"https:\/\/logina.lv\/index.php\/wp-json\/wp\/v2\/comments?post=127"}],"version-history":[{"count":4,"href":"https:\/\/logina.lv\/index.php\/wp-json\/wp\/v2\/pages\/127\/revisions"}],"predecessor-version":[{"id":381,"href":"https:\/\/logina.lv\/index.php\/wp-json\/wp\/v2\/pages\/127\/revisions\/381"}],"wp:attachment":[{"href":"https:\/\/logina.lv\/index.php\/wp-json\/wp\/v2\/media?parent=127"}],"curies":[{"name":"wp","href":"https:\/\/api.w.org\/{rel}","templated":true}]}}